{"id":15,"date":"2024-08-14T11:21:39","date_gmt":"2024-08-14T11:21:39","guid":{"rendered":"https:\/\/www.fizzi.ee\/?page_id=15"},"modified":"2025-02-03T11:00:30","modified_gmt":"2025-02-03T11:00:30","slug":"refund_returns","status":"publish","type":"page","link":"https:\/\/fizzi.ee\/en\/refund_returns\/","title":{"rendered":"Terms and conditions"},"content":{"rendered":"<h4><b>Terms and conditions<\/b><\/h4>\r\n<p><i><span style=\"font-weight: 400;\">Veebilehte <\/span><\/i><i><span style=\"font-weight: 400;\">www.fizzi.ee<\/span><\/i><i><span style=\"font-weight: 400;\"> ja sellel k\u00e4ttesaadavaks tehtud tooteid opereerib ja haldab Fizzisenses<\/span><\/i><i><span style=\"font-weight: 400;\">\u00a0O\u00dc<\/span><\/i><i><span style=\"font-weight: 400;\"> (kontaktandmed on v\u00e4lja toodud k\u00e4esolevates privaatsuspoliitika tingimustes allpool).<\/span><\/i><\/p>\r\n<p><i><span style=\"font-weight: 400;\">K\u00e4esolevad kasutustingimused n\u00e4evad ette mh tingimused, kuidas kodulehel k\u00e4ttesaadavaks tehtud tooteid osta, millised on sellega seonduvalt Fizzisenses<\/span><\/i><i><span style=\"font-weight: 400;\">\u00a0O\u00dc<\/span><\/i><i><span style=\"font-weight: 400;\"> ning kodulehe kasutajate \u00f5igused ja kohustused, ning samuti m\u00e4\u00e4ravad kindlaks Fizzisenses<\/span><\/i><i><span style=\"font-weight: 400;\">\u00a0O\u00dc<\/span><\/i><i><span style=\"font-weight: 400;\"> ning kodulehe kasutajate vaheliste ja kodulehe kasutajate omavaheliste \u00f5igussuhete sisu. Kasutustingimused kohalduvad kodulehe kogu sisule ning neid tingimusi rakendatakse hoolimata sellest, kus asub kodulehe kasutaja v\u00f5i milliseid tehnoloogilisi vahendeid ja meetodeid kodulehe kasutamiseks rakendatakse.<\/span><\/i><\/p>\r\n<p><i><span style=\"font-weight: 400;\">Palume lugeda k\u00e4esolevad kasutustingimused hoolikalt l\u00e4bi ja nendega enne kodulehe kasutama hakkamist p\u00f5hjalikult tutvuda. Kasutustingimuste oluliseks osaks on kodulehel k\u00e4ttesaadavaks tehtud privaatsuspoliitika tingimused. Kui te ei saa kasutustingimustest v\u00f5i privaatsuspoliitika tingimustest aru v\u00f5i ei n\u00f5ustu nende tingimustega t\u00e4ielikult, siis palun \u00e4rge kodulehte kasutage. Kodulehe kasutamisel loetakse, et olete kasutustingimuste ja privaatsuspoliitika tingimustega t\u00e4ies ulatuses n\u00f5ustunud.<\/span><\/i><\/p>\r\n<p><span style=\"font-weight: 400;\">Mistahes isiklikku teavet, mida Fizzisenses<\/span><i><span style=\"font-weight: 400;\">\u00a0O\u00dc<\/span><\/i><span style=\"font-weight: 400;\">-le otse v\u00f5i <\/span><i><span style=\"font-weight: 400;\">www.fizzi.ee<\/span><\/i><span style=\"font-weight: 400;\"> kaudu edastate ja mille alusel on v\u00f5imalik teid tuvastada, s\u00e4ilitatakse turvaliselt ja konfidentsiaalselt ning t\u00f6\u00f6deldakse vastavalt meie privaatsuspoliitikale \u00f5iglaselt ja seaduslikult.\u00a0<\/span><\/p>\r\n<p><span style=\"font-weight: 400;\">Tellimuse k\u00e4ttetoimetamiseks, edastame teie andmed teie tellimuse kohaletoimetavatele kulleritele ja postiteenuse pakkujatele.<\/span><\/p>\r\n<ol>\r\n<li><b>Kontaktandmed<\/b><\/li>\r\n<\/ol>\r\n<p><span style=\"font-weight: 400;\">1.1. \u00c4rinimi: Fizzisenses O\u00dc<\/span><\/p>\r\n<p><span style=\"font-weight: 400;\">1.2. Registrikood: 17114860<\/span><\/p>\r\n<p><span style=\"font-weight: 400;\">1.3. Registrij\u00e4rgne aadress: Hundi tee 17-5, Haabneeme, Viimsi vald, Harjumaa, 74001<\/span><\/p>\r\n<p><span style=\"font-weight: 400;\">1.4. E-post: info@fizzi.ee<\/span><\/p>\r\n<ol start=\"2\">\r\n<li><b> Tellimine<\/b><\/li>\r\n<\/ol>\r\n<p><span style=\"font-weight: 400;\">2.1. Tellimuse vormistamisega meie kodulehel n\u00f5ustute esitama:<\/span><\/p>\r\n<p style=\"padding-left: 40px;\"><span style=\"font-weight: 400;\">2.1.1. Nimi<\/span><\/p>\r\n<p style=\"padding-left: 40px;\"><span style=\"font-weight: 400;\">2.1.2. E-posti aadress<\/span><\/p>\r\n<p style=\"padding-left: 40px;\"><span style=\"font-weight: 400;\">2.1.3. Tarne koht<\/span><\/p>\r\n<p style=\"padding-left: 40px;\"><span style=\"font-weight: 400;\">2.1.4. Kontakttelefoni numbri<\/span><\/p>\r\n<p><span style=\"font-weight: 400;\">2.2. Kui tellimus on vormistatud, suunatakse teid tellimuse eest tasuma.<\/span><\/p>\r\n<p><span style=\"font-weight: 400;\">2.3. Samal lehel saate kinnitada kohaletoimetamise viisi, m\u00e4\u00e4rata kohaletoimetamise asukoha ja\/v\u00f5i arveaadressi.<\/span><\/p>\r\n<p><span style=\"font-weight: 400;\">2.4. P\u00e4rast tellimuse vormistamist saadetakse teile e-postile automaatne kinnituskiri.<\/span><\/p>\r\n<p><span style=\"font-weight: 400;\">2.5. Automaatne kinnitus ei t\u00e4henda tellimuse l\u00f5plikku kinnitamist. Teie tellimus loetakse ametlikult vastu v\u00f5etuks, kui saadame teile kinnituse, et tellimus on v\u00e4lja saadetud.<\/span><\/p>\r\n<p><span style=\"font-weight: 400;\">2.6. Kui oleme teie tellimuse vastu v\u00f5tnud, siis j\u00f5ustub teie ja Fizzisenses<\/span><span style=\"font-weight: 400;\">\u00a0O\u00dc<\/span><span style=\"font-weight: 400;\"> vaheline toodete ostmise ja tarnimise leping. Tellimuse vastuv\u00f5tmise mitte kinnitamisel tagastame teie poolt teostatud makse.<\/span><\/p>\r\n<p><span style=\"font-weight: 400;\">2.7. Tooted on teie ainuisikulisel vastutusel alates nende tarnimisest.<\/span><\/p>\r\n<p><span style=\"font-weight: 400;\">2.8. Teie tellimus kujutab endast pakkumist osta meie tooteid. Juhul kui meil on p\u00f5hjendatud kahtlus, et klient tegutseb vastuolus meie Tingimustega, j\u00e4tame endale \u00f5iguse tellimus t\u00fchistada v\u00f5i peatada.<\/span><\/p>\r\n<p><span style=\"font-weight: 400;\">2.8.1. See h\u00f5lmab olukordi, kus toote eest j\u00e4etakse maksmata, v\u00f5i meie kodulehe ja\/v\u00f5i m\u00fc\u00fcgipakkumiste kuritahtlikku kasutamist. Lisaks j\u00e4tame endale \u00f5iguse piirata juurdep\u00e4\u00e4su meie kodulehele teatavate e-posti aadresside ja telefoninumbrite kaudu. Peatatud \u00f5igustega klientidelt tellimusi vastu ei v\u00f5eta.<\/span><\/p>\r\n<p><span style=\"font-weight: 400;\">2.9. Lepingu alusel ei teki \u00fchtegi \u00f5igust ega kohustust isikule, kes ei ole lepingu osaline.<\/span><\/p>\r\n<ol start=\"3\">\r\n<li><b> Kaebused<\/b><\/li>\r\n<\/ol>\r\n<p><span style=\"font-weight: 400;\">Kui teil on pretensioone toodete v\u00f5i tingimuste osas, lahendame need esmalt meie sisemise kaebuste k\u00e4sitlemise protseduuri kaudu. Kui kaebust sel viisil lahendada ei \u00f5nnestu, on teil v\u00f5imalus esitada taotlus vaidluse lahendamiseks.<\/span><\/p>\r\n<ol start=\"4\">\r\n<li><b> Edasim\u00fc\u00fck<\/b><\/li>\r\n<\/ol>\r\n<p><span style=\"font-weight: 400;\">4.1. Meie kodulehelt tellides n\u00f5ustute meie tooteid \u00e4rilisel viisil mitte edasi m\u00fc\u00fcma. Meie toodete kaubanduslik edasim\u00fc\u00fck rikub k\u00e4esolevaid tingimusi ja meievahelist lepingut.<\/span><\/p>\r\n<ol start=\"5\">\r\n<li><b> Makse ja turvalisus<\/b><\/li>\r\n<\/ol>\r\n<p><span style=\"font-weight: 400;\">5.1. Me ei hoia ega t\u00f6\u00f6tle teie krediitkaardiandmeid.<\/span><\/p>\r\n<p><span style=\"font-weight: 400;\">5.2. Te ei sisesta krediitkaardiandmeid meie kodulehele. Kui soovite toodete eest tasuda, lahkute meie kodulehelt ja teie makse t\u00f6\u00f6deldakse Montonio pangalingi kaudu.<\/span><\/p>\r\n<p><span style=\"font-weight: 400;\">5.3. Makseprotsess:<\/span><\/p>\r\n<p><span style=\"font-weight: 400;\">5.3.1. Teid suunatakse internetipanka, kus kuvatakse eelt\u00e4idetud maksekorraldus.<\/span><\/p>\r\n<p><span style=\"font-weight: 400;\">5.3.2. Toimub automaatne andmevahetus pangaga, mille k\u00e4igus edastatakse ostuga seotud info.<\/span><\/p>\r\n<p><span style=\"font-weight: 400;\">5.3.3. Meid teavitatakse kohe p\u00e4rast makse edukat sooritamist.<\/span><\/p>\r\n<p><span style=\"font-weight: 400;\">5.4. Makse v\u00f5etakse maha eurodes (\u20ac) ja vajadusel debiteeritakse vastavalt sel ajal kehtivale vahetuskursile.<\/span><\/p>\r\n<ol start=\"6\">\r\n<li><b> Hinnad ja k\u00e4ibemaks<\/b><\/li>\r\n<\/ol>\r\n<p><span style=\"font-weight: 400;\">6.1. K\u00f5ik meie kodulehel esitatud hinnad on eurodes (\u20ac) ja sisaldavad vajaduse korral k\u00e4ibemaksu. J\u00e4tame endale \u00f5iguse hindu igal ajal muuta.<\/span><\/p>\r\n<ol start=\"7\">\r\n<li><b> Tellimuse t\u00fchistamine<\/b><\/li>\r\n<\/ol>\r\n<p><span style=\"font-weight: 400;\">7.1. Tellimuse t\u00fchistamiseks v\u00f5i muutmiseks v\u00f5tke meiega t\u00f6\u00f6ajal \u00fchendust telefonil <\/span><span style=\"font-weight: 400;\">+37256606932<\/span><span style=\"font-weight: 400;\"> v\u00f5i saatke e-kiri aadressile info@fizzi.ee<\/span><span style=\"font-weight: 400;\">\u00a0<\/span><span style=\"font-weight: 400;\">enne tellimuse v\u00e4ljasaatmist.<\/span><\/p>\r\n<p><span style=\"font-weight: 400;\">7.2. Teil on kohustus meid oma t\u00fchistamisotsusest teavitada enne 14-p\u00e4evase t\u00fchistamist\u00e4htaja m\u00f6\u00f6dumist.<\/span><\/p>\r\n<p><span style=\"font-weight: 400;\">7.3. Kui t\u00fchistate lepingu 14 p\u00e4eva jooksul, tagastame teile toodete eest tasutud summa ja tarnekulud. Toodete tagastamise kulusid ei h\u00fcvitata. Tagasimakse tehakse 14 p\u00e4eva jooksul p\u00e4rast toodete k\u00e4ttesaamist v\u00f5i t\u00f5endite esitamisest. Kui tooted pole tarnitud, tagastame summa 14 p\u00e4eva jooksul p\u00e4rast lepingu t\u00fchistamise teate saamist.<\/span><\/p>\r\n<ol start=\"8\">\r\n<li><b> Tagastamis\u00f5igus<\/b><\/li>\r\n<\/ol>\r\n<p><span style=\"font-weight: 400;\">P\u00e4rast kauba k\u00e4ttesaamist on kliendil \u00f5igus kaup 14 p\u00e4eva jooksul tagastada. Tagastamise soovist tuleb teavitada meid 14 p\u00e4eva jooksul alates kauba k\u00e4ttesaamisest. Tagastatav kaup peab olema originaalpakendis, kasutamata ja kahjustamata. Kauba tagastamise kulud kannab klient, v\u00e4lja arvatud juhul, kui tagastamise p\u00f5hjuseks on vale toode v\u00f5i defektne kaup. Raha tagastatud kauba eest h\u00fcvitatakse kliendile kohe, kuid mitte hiljem kui 14 p\u00e4eva p\u00e4rast taganemisavalduse k\u00e4ttesaamist. Lisaks kauba maksumusele h\u00fcvitatakse ka kauba kohaletoimetamise kulud.<\/span><\/p>\r\n<ol start=\"9\">\r\n<li><b> K\u00fcpsised<\/b><\/li>\r\n<\/ol>\r\n<p><span style=\"font-weight: 400;\">K\u00fcpsiste kasutamise kohta lisateabe saamiseks lugege meie <a href=\"https:\/\/fizzi.ee\/en\/privaatsuspoliitika\/\">privaatsuspoliitikat<\/a> ja k\u00fcpsiste kasutamise reegleid.<\/span><\/p>\r\n<ol start=\"10\">\r\n<li><b> Kasutustingimuste muutmine<\/b><\/li>\r\n<\/ol>\r\n<p><span style=\"font-weight: 400;\">10.1 <\/span><span style=\"font-weight: 400;\">Fizzisenses O\u00dc j\u00e4tab endale \u00f5iguse k\u00e4esolevaid kasutustingimusi ja kasutustingimuste osaks olevaid privaatsuspoliitika tingimusi igal ajal ilma ette teatamata muuta, avaldades kasutustingimuste ja\/v\u00f5i privaatsuspoliitika tingimuste muudetud versiooni oma veebilehel v\u00f5i saates vastava informatsiooni otse registreeritud kasutajate e-posti aadressile.<\/span><\/p>\r\n<p><span style=\"font-weight: 400;\">10.2 <\/span><span style=\"font-weight: 400;\">Kui kodulehe kasutaja ei n\u00f5ustu kas osaliselt v\u00f5i t\u00e4ielikult uute kasutustingimuste v\u00f5i privaatsuspoliitika tingimustega, on ta kohustatud kodulehe kasutamise viivitamatult l\u00f5petama. Kui kodulehe kasutaja j\u00e4tkab kodulehe kasutamist, loetakse, et ta on n\u00f5ustunud muudetud kasutustingimuste ja privaatsuspoliitika tingimustega.<\/span><\/p>\r\n<p><span style=\"font-weight: 400;\">10.3 <\/span><span style=\"font-weight: 400;\">Muudatustega tutvumiseks on kodulehe kasutajal vaja kasutustingimused ja privaatsuspoliitika tingimused pidevalt \u00fcle vaadata ning veenduda alati iga kord enne kodulehe kasutama hakkamist, et ta on kehtivate kasutustingimuste ja privaatsuspoliitika tingimustega p\u00f5hjalikult tutvunud ning kehtivate tingimustega t\u00e4ielikult n\u00f5us.<\/span><\/p>\r\n<p><span style=\"font-weight: 400;\">10.4 <\/span><span style=\"font-weight: 400;\">Kasutustingimuste ja privaatsuspoliitika tingimuste muudetud versioonid on kehtivad alates konkreetses versioonis osundatud kuup\u00e4evast.<\/span><\/p>\r\n<ol start=\"11\">\r\n<li><b> Muud tingimused<\/b><\/li>\r\n<\/ol>\r\n<p><span style=\"font-weight: 400;\">11.1 <\/span><span style=\"font-weight: 400;\">K\u00e4esolevatele kasutustingimustele ja kasutustingimuste oluliseks osaks olevatele privaatsuspoliitika tingimustele ning kodulehe mis tahes viisil ja kohas kasutamisel ning selle kasutamisel tekkivatele \u00f5igussuhetele kohaldatakse Eesti \u00f5igust. K\u00f5ik kodulehel tehtud tehingud ja toimingud loetakse teostatuks Eesti Vabariigis ka sellisel juhul, kui kodulehe kasutaja asub f\u00fc\u00fcsiliselt v\u00e4ljaspool Eesti Vabariiki.<\/span><\/p>\r\n<p><span style=\"font-weight: 400;\">11.2 <\/span><span style=\"font-weight: 400;\">K\u00f5ik vaidlused, mis tekivad seonduvalt k\u00e4esolevate kasutustingimustega v\u00f5i kasutustingimuste oluliseks osaks olevate privaatsuspoliitika tingimustega, v\u00f5i kodulehe mis tahes viisil ja kohas kasutamisega, \u00fcritatakse lahendada kohtuv\u00e4liselt. Vaidluse pooled kohustuvad selleks tegema k\u00f5ik endast m\u00f5istlikult oleneva, mh p\u00f6\u00f6rduma vaidluse v\u00f5i muu probleemi t\u00f5statumisel k\u00f5igepealt hiljemalt 30 kalendrip\u00e4eva jooksul vastava teavitusega Fizzisenses O\u00dc v\u00f5i otse vaidluse pooleks oleva kolmanda isiku poole ning tegema m\u00f5istliku omapoolse ettepaneku vaidluse kohtuv\u00e4liseks lahendamiseks. K\u00f5ik kohtuvaidlused alluvad eranditult Harju Maakohtule asukohaga Eesti Vabariigis.<\/span><\/p>\r\n<p><span style=\"font-weight: 400;\">11.3 <\/span><span style=\"font-weight: 400;\">Juhul kui m\u00f5ni osa k\u00e4esolevatest kasutustingimustest v\u00f5i privaatsuspoliitika tingimustest peaks osutuma kehtetuks, kehtivad eelnimetatud \u00fclej\u00e4\u00e4nud osas edasi muutmata kujul ja asendatakse v\u00f5imalusel tingimusega, mis on v\u00f5imalikult l\u00e4hedane poolte tahtele.<\/span><\/p>\r\n<p><i><span style=\"font-weight: 400;\">Kasutustingimusi uuendati viimati 03.02.2025.<\/span><\/i><\/p>","protected":false},"excerpt":{"rendered":"<p>M\u00fc\u00fcgitingimused Veebilehte www.fizzi.ee ja sellel k\u00e4ttesaadavaks tehtud tooteid opereerib ja haldab Fizzisenses\u00a0O\u00dc (kontaktandmed on v\u00e4lja toodud k\u00e4esolevates privaatsuspoliitika tingimustes allpool). K\u00e4esolevad kasutustingimused n\u00e4evad ette mh tingimused, kuidas kodulehel k\u00e4ttesaadavaks tehtud tooteid osta, millised on sellega seonduvalt Fizzisenses\u00a0O\u00dc ning kodulehe kasutajate \u00f5igused ja kohustused, ning samuti m\u00e4\u00e4ravad kindlaks Fizzisenses\u00a0O\u00dc ning kodulehe kasutajate vaheliste ja kodulehe kasutajate [&hellip;]<\/p>\n","protected":false},"author":1,"featured_media":0,"parent":0,"menu_order":0,"comment_status":"closed","ping_status":"closed","template":"","meta":{"_uag_custom_page_level_css":"","site-sidebar-layout":"default","site-content-layout":"","ast-site-content-layout":"default","site-content-style":"default","site-sidebar-style":"default","ast-global-header-display":"","ast-banner-title-visibility":"","ast-main-header-display":"","ast-hfb-above-header-display":"","ast-hfb-below-header-display":"","ast-hfb-mobile-header-display":"","site-post-title":"","ast-breadcrumbs-content":"","ast-featured-img":"","footer-sml-layout":"","theme-transparent-header-meta":"default","adv-header-id-meta":"","stick-header-meta":"","header-above-stick-meta":"","header-main-stick-meta":"","header-below-stick-meta":"","astra-migrate-meta-layouts":"set","ast-page-background-enabled":"default","ast-page-background-meta":{"desktop":{"background-color":"","background-image":"","background-repeat":"repeat","background-position":"center center","background-size":"auto","background-attachment":"scroll","background-type":"","background-media":"","overlay-type":"","overlay-color":"","overlay-opacity":"","overlay-gradient":""},"tablet":{"background-color":"","background-image":"","background-repeat":"repeat","background-position":"center center","background-size":"auto","background-attachment":"scroll","background-type":"","background-media":"","overlay-type":"","overlay-color":"","overlay-opacity":"","overlay-gradient":""},"mobile":{"background-color":"","background-image":"","background-repeat":"repeat","background-position":"center center","background-size":"auto","background-attachment":"scroll","background-type":"","background-media":"","overlay-type":"","overlay-color":"","overlay-opacity":"","overlay-gradient":""}},"ast-content-background-meta":{"desktop":{"background-color":"var(--ast-global-color-5)","background-image":"","background-repeat":"repeat","background-position":"center center","background-size":"auto","background-attachment":"scroll","background-type":"","background-media":"","overlay-type":"","overlay-color":"","overlay-opacity":"","overlay-gradient":""},"tablet":{"background-color":"var(--ast-global-color-5)","background-image":"","background-repeat":"repeat","background-position":"center center","background-size":"auto","background-attachment":"scroll","background-type":"","background-media":"","overlay-type":"","overlay-color":"","overlay-opacity":"","overlay-gradient":""},"mobile":{"background-color":"var(--ast-global-color-5)","background-image":"","background-repeat":"repeat","background-position":"center center","background-size":"auto","background-attachment":"scroll","background-type":"","background-media":"","overlay-type":"","overlay-color":"","overlay-opacity":"","overlay-gradient":""}},"footnotes":""},"class_list":["post-15","page","type-page","status-publish","hentry"],"yoast_head":"<!-- This site is optimized with the Yoast SEO plugin v27.2 - https:\/\/yoast.com\/product\/yoast-seo-wordpress\/ -->\n<title>M\u00fc\u00fcgitingimused - Fizzi<\/title>\n<meta name=\"robots\" content=\"index, follow, max-snippet:-1, max-image-preview:large, max-video-preview:-1\" \/>\n<link rel=\"canonical\" href=\"https:\/\/fizzi.ee\/en\/refund_returns\/\" \/>\n<meta property=\"og:locale\" content=\"en_US\" \/>\n<meta property=\"og:type\" content=\"article\" \/>\n<meta property=\"og:title\" content=\"M\u00fc\u00fcgitingimused - Fizzi\" \/>\n<meta property=\"og:description\" content=\"M\u00fc\u00fcgitingimused Veebilehte www.fizzi.ee ja sellel k\u00e4ttesaadavaks tehtud tooteid opereerib ja haldab Fizzisenses\u00a0O\u00dc (kontaktandmed on v\u00e4lja toodud k\u00e4esolevates privaatsuspoliitika tingimustes allpool). K\u00e4esolevad kasutustingimused n\u00e4evad ette mh tingimused, kuidas kodulehel k\u00e4ttesaadavaks tehtud tooteid osta, millised on sellega seonduvalt Fizzisenses\u00a0O\u00dc ning kodulehe kasutajate \u00f5igused ja kohustused, ning samuti m\u00e4\u00e4ravad kindlaks Fizzisenses\u00a0O\u00dc ning kodulehe kasutajate vaheliste ja kodulehe kasutajate [&hellip;]\" \/>\n<meta property=\"og:url\" content=\"https:\/\/fizzi.ee\/en\/refund_returns\/\" \/>\n<meta property=\"og:site_name\" content=\"Fizzi\" \/>\n<meta property=\"article:publisher\" content=\"https:\/\/www.facebook.com\/fizzisenses\" \/>\n<meta property=\"article:modified_time\" content=\"2025-02-03T11:00:30+00:00\" \/>\n<meta property=\"og:image\" content=\"https:\/\/fizzi.ee\/wp-content\/uploads\/2025\/01\/Fizzi-logo.webp\" \/>\n\t<meta property=\"og:image:width\" content=\"512\" \/>\n\t<meta property=\"og:image:height\" content=\"512\" \/>\n\t<meta property=\"og:image:type\" content=\"image\/webp\" \/>\n<meta name=\"twitter:card\" content=\"summary_large_image\" \/>\n<meta name=\"twitter:label1\" content=\"Est. reading time\" \/>\n\t<meta name=\"twitter:data1\" content=\"6 minutes\" \/>\n<script type=\"application\/ld+json\" class=\"yoast-schema-graph\">{\"@context\":\"https:\/\/schema.org\",\"@graph\":[{\"@type\":\"WebPage\",\"@id\":\"https:\/\/fizzi.ee\/refund_returns\/\",\"url\":\"https:\/\/fizzi.ee\/refund_returns\/\",\"name\":\"M\u00fc\u00fcgitingimused - Fizzi\",\"isPartOf\":{\"@id\":\"https:\/\/fizzi.ee\/#website\"},\"datePublished\":\"2024-08-14T11:21:39+00:00\",\"dateModified\":\"2025-02-03T11:00:30+00:00\",\"breadcrumb\":{\"@id\":\"https:\/\/fizzi.ee\/refund_returns\/#breadcrumb\"},\"inLanguage\":\"en-US\",\"potentialAction\":[{\"@type\":\"ReadAction\",\"target\":[\"https:\/\/fizzi.ee\/refund_returns\/\"]}]},{\"@type\":\"BreadcrumbList\",\"@id\":\"https:\/\/fizzi.ee\/refund_returns\/#breadcrumb\",\"itemListElement\":[{\"@type\":\"ListItem\",\"position\":1,\"name\":\"Home\",\"item\":\"https:\/\/fizzi.ee\/\"},{\"@type\":\"ListItem\",\"position\":2,\"name\":\"M\u00fc\u00fcgitingimused\"}]},{\"@type\":\"WebSite\",\"@id\":\"https:\/\/fizzi.ee\/#website\",\"url\":\"https:\/\/fizzi.ee\/\",\"name\":\"Fizzi\",\"description\":\"Surprise your senses\",\"publisher\":{\"@id\":\"https:\/\/fizzi.ee\/#organization\"},\"potentialAction\":[{\"@type\":\"SearchAction\",\"target\":{\"@type\":\"EntryPoint\",\"urlTemplate\":\"https:\/\/fizzi.ee\/?s={search_term_string}\"},\"query-input\":{\"@type\":\"PropertyValueSpecification\",\"valueRequired\":true,\"valueName\":\"search_term_string\"}}],\"inLanguage\":\"en-US\"},{\"@type\":\"Organization\",\"@id\":\"https:\/\/fizzi.ee\/#organization\",\"name\":\"Fizzi\",\"url\":\"https:\/\/fizzi.ee\/\",\"logo\":{\"@type\":\"ImageObject\",\"inLanguage\":\"en-US\",\"@id\":\"https:\/\/fizzi.ee\/#\/schema\/logo\/image\/\",\"url\":\"https:\/\/fizzi.ee\/wp-content\/uploads\/2025\/04\/cropped-Logo-Fizzi-512x512-1.png\",\"contentUrl\":\"https:\/\/fizzi.ee\/wp-content\/uploads\/2025\/04\/cropped-Logo-Fizzi-512x512-1.png\",\"width\":512,\"height\":512,\"caption\":\"Fizzi\"},\"image\":{\"@id\":\"https:\/\/fizzi.ee\/#\/schema\/logo\/image\/\"},\"sameAs\":[\"https:\/\/www.facebook.com\/fizzisenses\"]}]}<\/script>\n<!-- \/ Yoast SEO plugin. -->","yoast_head_json":{"title":"M\u00fc\u00fcgitingimused - Fizzi","robots":{"index":"index","follow":"follow","max-snippet":"max-snippet:-1","max-image-preview":"max-image-preview:large","max-video-preview":"max-video-preview:-1"},"canonical":"https:\/\/fizzi.ee\/en\/refund_returns\/","og_locale":"en_US","og_type":"article","og_title":"M\u00fc\u00fcgitingimused - Fizzi","og_description":"M\u00fc\u00fcgitingimused Veebilehte www.fizzi.ee ja sellel k\u00e4ttesaadavaks tehtud tooteid opereerib ja haldab Fizzisenses\u00a0O\u00dc (kontaktandmed on v\u00e4lja toodud k\u00e4esolevates privaatsuspoliitika tingimustes allpool). K\u00e4esolevad kasutustingimused n\u00e4evad ette mh tingimused, kuidas kodulehel k\u00e4ttesaadavaks tehtud tooteid osta, millised on sellega seonduvalt Fizzisenses\u00a0O\u00dc ning kodulehe kasutajate \u00f5igused ja kohustused, ning samuti m\u00e4\u00e4ravad kindlaks Fizzisenses\u00a0O\u00dc ning kodulehe kasutajate vaheliste ja kodulehe kasutajate [&hellip;]","og_url":"https:\/\/fizzi.ee\/en\/refund_returns\/","og_site_name":"Fizzi","article_publisher":"https:\/\/www.facebook.com\/fizzisenses","article_modified_time":"2025-02-03T11:00:30+00:00","og_image":[{"width":512,"height":512,"url":"https:\/\/fizzi.ee\/wp-content\/uploads\/2025\/01\/Fizzi-logo.webp","type":"image\/webp"}],"twitter_card":"summary_large_image","twitter_misc":{"Est. reading time":"6 minutes"},"schema":{"@context":"https:\/\/schema.org","@graph":[{"@type":"WebPage","@id":"https:\/\/fizzi.ee\/refund_returns\/","url":"https:\/\/fizzi.ee\/refund_returns\/","name":"M\u00fc\u00fcgitingimused - Fizzi","isPartOf":{"@id":"https:\/\/fizzi.ee\/#website"},"datePublished":"2024-08-14T11:21:39+00:00","dateModified":"2025-02-03T11:00:30+00:00","breadcrumb":{"@id":"https:\/\/fizzi.ee\/refund_returns\/#breadcrumb"},"inLanguage":"en-US","potentialAction":[{"@type":"ReadAction","target":["https:\/\/fizzi.ee\/refund_returns\/"]}]},{"@type":"BreadcrumbList","@id":"https:\/\/fizzi.ee\/refund_returns\/#breadcrumb","itemListElement":[{"@type":"ListItem","position":1,"name":"Home","item":"https:\/\/fizzi.ee\/"},{"@type":"ListItem","position":2,"name":"M\u00fc\u00fcgitingimused"}]},{"@type":"WebSite","@id":"https:\/\/fizzi.ee\/#website","url":"https:\/\/fizzi.ee\/","name":"Fizzi","description":"Surprise your senses","publisher":{"@id":"https:\/\/fizzi.ee\/#organization"},"potentialAction":[{"@type":"SearchAction","target":{"@type":"EntryPoint","urlTemplate":"https:\/\/fizzi.ee\/?s={search_term_string}"},"query-input":{"@type":"PropertyValueSpecification","valueRequired":true,"valueName":"search_term_string"}}],"inLanguage":"en-US"},{"@type":"Organization","@id":"https:\/\/fizzi.ee\/#organization","name":"Fizzi","url":"https:\/\/fizzi.ee\/","logo":{"@type":"ImageObject","inLanguage":"en-US","@id":"https:\/\/fizzi.ee\/#\/schema\/logo\/image\/","url":"https:\/\/fizzi.ee\/wp-content\/uploads\/2025\/04\/cropped-Logo-Fizzi-512x512-1.png","contentUrl":"https:\/\/fizzi.ee\/wp-content\/uploads\/2025\/04\/cropped-Logo-Fizzi-512x512-1.png","width":512,"height":512,"caption":"Fizzi"},"image":{"@id":"https:\/\/fizzi.ee\/#\/schema\/logo\/image\/"},"sameAs":["https:\/\/www.facebook.com\/fizzisenses"]}]}},"uagb_featured_image_src":{"full":false,"thumbnail":false,"medium":false,"medium_large":false,"large":false,"1536x1536":false,"2048x2048":false,"trp-custom-language-flag":false,"woocommerce_thumbnail":false,"woocommerce_single":false,"woocommerce_gallery_thumbnail":false},"uagb_author_info":{"display_name":"Rutha","author_link":"https:\/\/fizzi.ee\/en\/author\/rutha\/"},"uagb_comment_info":0,"uagb_excerpt":"M\u00fc\u00fcgitingimused Veebilehte www.fizzi.ee ja sellel k\u00e4ttesaadavaks tehtud tooteid opereerib ja haldab Fizzisenses\u00a0O\u00dc (kontaktandmed on v\u00e4lja toodud k\u00e4esolevates privaatsuspoliitika tingimustes allpool). K\u00e4esolevad kasutustingimused n\u00e4evad ette mh tingimused, kuidas kodulehel k\u00e4ttesaadavaks tehtud tooteid osta, millised on sellega seonduvalt Fizzisenses\u00a0O\u00dc ning kodulehe kasutajate \u00f5igused ja kohustused, ning samuti m\u00e4\u00e4ravad kindlaks Fizzisenses\u00a0O\u00dc ning kodulehe kasutajate vaheliste ja kodulehe kasutajate&hellip;","jetpack_sharing_enabled":true,"_links":{"self":[{"href":"https:\/\/fizzi.ee\/en\/wp-json\/wp\/v2\/pages\/15","targetHints":{"allow":["GET"]}}],"collection":[{"href":"https:\/\/fizzi.ee\/en\/wp-json\/wp\/v2\/pages"}],"about":[{"href":"https:\/\/fizzi.ee\/en\/wp-json\/wp\/v2\/types\/page"}],"author":[{"embeddable":true,"href":"https:\/\/fizzi.ee\/en\/wp-json\/wp\/v2\/users\/1"}],"replies":[{"embeddable":true,"href":"https:\/\/fizzi.ee\/en\/wp-json\/wp\/v2\/comments?post=15"}],"version-history":[{"count":5,"href":"https:\/\/fizzi.ee\/en\/wp-json\/wp\/v2\/pages\/15\/revisions"}],"predecessor-version":[{"id":6746,"href":"https:\/\/fizzi.ee\/en\/wp-json\/wp\/v2\/pages\/15\/revisions\/6746"}],"wp:attachment":[{"href":"https:\/\/fizzi.ee\/en\/wp-json\/wp\/v2\/media?parent=15"}],"curies":[{"name":"wp","href":"https:\/\/api.w.org\/{rel}","templated":true}]}}