{"id":7283,"date":"2025-09-09T09:51:55","date_gmt":"2025-09-09T09:51:55","guid":{"rendered":"https:\/\/fizzi.ee\/?post_type=product&#038;p=7283"},"modified":"2026-02-08T10:43:08","modified_gmt":"2026-02-08T08:43:08","slug":"feromoonidega-massaazikuunla-taitepallid-4-tk","status":"publish","type":"product","link":"https:\/\/fizzi.ee\/en\/product\/feromoonidega-massaazikuunla-taitepallid-4-tk\/","title":{"rendered":"Feromoonidega massaa\u017eik\u00fc\u00fcnla t\u00e4itepallid (4 tk)"},"content":{"rendered":"<div data-elementor-type=\"wp-post\" data-elementor-id=\"7283\" class=\"elementor elementor-7283\">\n\t\t\t\t<div class=\"elementor-element elementor-element-6afa1668 e-con-full e-flex e-con e-parent\" data-id=\"6afa1668\" data-element_type=\"container\">\n\t\t<div class=\"elementor-element elementor-element-979dcd7 e-con-full e-flex e-con e-child\" data-id=\"979dcd7\" data-element_type=\"container\">\n\t\t\t\t<div class=\"elementor-element elementor-element-914db60 elementor-widget elementor-widget-text-editor\" data-id=\"914db60\" data-element_type=\"widget\" data-widget_type=\"text-editor.default\">\n\t\t\t\t<div class=\"elementor-widget-container\">\n\t\t\t\t\t\t\t\t\t<p><strong>Koostis<\/strong>: Hydrogenated Coconut Oil, Butyrospermum Parkii Butter, Prunus Amygdalus Dulcis Oil, Fragrance Oil, Citronellol*, Geraniol*, Linalool* (sisaldub naturaalselt eeterlikes \u00f5lides), Mica<\/p><p><span style=\"font-style: inherit; font-weight: inherit; color: var( --e-global-color-text ); font-family: var( --e-global-typography-text-font-family ), Sans-serif; text-align: var(--text-align); background-color: var(--ast-global-color-5);\"><strong>Kasutamine<\/strong>: Lase k\u00fc\u00fcnlal 10 minutit p\u00f5leda ja tilguta kehale. Mida l\u00e4hemalt \u00f5li valada, seda soojem see kehale langedes on. <\/span><span style=\"font-style: inherit; font-weight: inherit; color: var( --e-global-color-text ); font-family: var( --e-global-typography-text-font-family ), Sans-serif; text-align: var(--text-align); background-color: var(--ast-global-color-5);\">Allergiliste reaktsioonide v\u00e4ltimiseks testige toodet v\u00e4ikses koguses nahal. Toode on m\u00f5eldud vaid v\u00e4lispidiseks kasutamiseks. Mitte kasutada kahjustatud v\u00f5i \u00e4rritunud nahal.\u00a0<\/span><\/p><p><span style=\"background-color: var(--ast-global-color-5); color: var( --e-global-color-text ); font-family: var( --e-global-typography-text-font-family ), Sans-serif; font-style: inherit; text-align: var(--text-align);\"><b>Pakend sisaldab:<\/b><\/span><span style=\"background-color: var(--ast-global-color-5); color: var( --e-global-color-text ); font-family: var( --e-global-typography-text-font-family ), Sans-serif; font-style: inherit; font-weight: inherit; text-align: var(--text-align);\"> 4 massaa\u017eik\u00fc\u00fcnla t\u00e4idet, mida saab asetada teokarbikujulise <a href=\"https:\/\/fizzi.ee\/en\/product\/massaazikuunal-teokarbis\/\">massaa\u017eik\u00fc\u00fcnla<\/a> t\u00e4iteks.<\/span><\/p><p><span style=\"background-color: var(--ast-global-color-5); color: var( --e-global-color-text ); font-family: var( --e-global-typography-text-font-family ), Sans-serif; font-style: inherit; font-weight: inherit; text-align: var(--text-align);\"><strong>S\u00e4ilitamine<\/strong>: Hoida kuivas kohas, kaitstuna otsese niiskuse ja valguse eest. Hoida lastele k\u00e4ttesaamatus kohas.<\/span><\/p>\t\t\t\t\t\t\t\t<\/div>\n\t\t\t\t<\/div>\n\t\t\t\t<\/div>\n\t\t\t\t<\/div>\n\t\t\t\t<\/div>","protected":false},"excerpt":{"rendered":"<p>T\u00e4itepallid teokarbikujulise massaa\u017eik\u00fc\u00fcnla t\u00e4itmiseks. Looduslik kookosvaha, sheav\u00f5i ja magusa mandli \u00f5li hooldavad nahka, kirsi aroom ja feromoonid loovad sensuaalse meeleolu.<\/p>","protected":false},"featured_media":7284,"comment_status":"open","ping_status":"closed","template":"","meta":{"_uag_custom_page_level_css":"","site-sidebar-layout":"default","site-content-layout":"","ast-site-content-layout":"default","site-content-style":"default","site-sidebar-style":"default","ast-global-header-display":"","ast-banner-title-visibility":"","ast-main-header-display":"","ast-hfb-above-header-display":"","ast-hfb-below-header-display":"","ast-hfb-mobile-header-display":"","site-post-title":"","ast-breadcrumbs-content":"","ast-featured-img":"","footer-sml-layout":"","theme-transparent-header-meta":"default","adv-header-id-meta":"","stick-header-meta":"","header-above-stick-meta":"","header-main-stick-meta":"","header-below-stick-meta":"","astra-migrate-meta-layouts":"set","ast-page-background-enabled":"default","ast-page-background-meta":{"desktop":{"background-color":"","background-image":"","background-repeat":"repeat","background-position":"center center","background-size":"auto","background-attachment":"scroll","background-type":"","background-media":"","overlay-type":"","overlay-color":"","overlay-opacity":"","overlay-gradient":""},"tablet":{"background-color":"","background-image":"","background-repeat":"repeat","background-position":"center center","background-size":"auto","background-attachment":"scroll","background-type":"","background-media":"","overlay-type":"","overlay-color":"","overlay-opacity":"","overlay-gradient":""},"mobile":{"background-color":"","background-image":"","background-repeat":"repeat","background-position":"center center","background-size":"auto","background-attachment":"scroll","background-type":"","background-media":"","overlay-type":"","overlay-color":"","overlay-opacity":"","overlay-gradient":""}},"ast-content-background-meta":{"desktop":{"background-color":"var(--ast-global-color-5)","background-image":"","background-repeat":"repeat","background-position":"center center","background-size":"auto","background-attachment":"scroll","background-type":"","background-media":"","overlay-type":"","overlay-color":"","overlay-opacity":"","overlay-gradient":""},"tablet":{"background-color":"var(--ast-global-color-5)","background-image":"","background-repeat":"repeat","background-position":"center center","background-size":"auto","background-attachment":"scroll","background-type":"","background-media":"","overlay-type":"","overlay-color":"","overlay-opacity":"","overlay-gradient":""},"mobile":{"background-color":"var(--ast-global-color-5)","background-image":"","background-repeat":"repeat","background-position":"center center","background-size":"auto","background-attachment":"scroll","background-type":"","background-media":"","overlay-type":"","overlay-color":"","overlay-opacity":"","overlay-gradient":""}}},"product_brand":[],"product_cat":[95,23,113],"product_tag":[],"class_list":{"0":"post-7283","1":"product","2":"type-product","3":"status-publish","4":"has-post-thumbnail","6":"product_cat-kehahooldus","7":"product_cat-tooted","8":"product_cat-massaazi-tooted","9":"desktop-align-left","10":"tablet-align-left","11":"mobile-align-left","13":"first","14":"instock","15":"featured","16":"shipping-taxable","17":"purchasable","18":"product-type-simple"},"yoast_head":"<!-- This site is optimized with the Yoast SEO plugin v27.2 - https:\/\/yoast.com\/product\/yoast-seo-wordpress\/ -->\n<title>Feromoonidega massaa\u017eik\u00fc\u00fcnla t\u00e4itepallid (4 tk) - Fizzi<\/title>\n<meta name=\"description\" content=\"T\u00e4itepallid teokarbikujulise massaa\u017eik\u00fc\u00fcnla t\u00e4itmiseks. Looduslik kookosvaha, sheav\u00f5i ja magusa mandli \u00f5li hooldavad nahka, kirsi aroom ja feromoonid loovad sensuaalse meeleolu.\" \/>\n<meta name=\"robots\" content=\"index, follow, max-snippet:-1, max-image-preview:large, max-video-preview:-1\" \/>\n<link rel=\"canonical\" href=\"https:\/\/fizzi.ee\/en\/product\/feromoonidega-massaazikuunla-taitepallid-4-tk\/\" \/>\n<meta property=\"og:locale\" content=\"en_US\" \/>\n<meta property=\"og:type\" content=\"article\" \/>\n<meta property=\"og:title\" content=\"Feromoonidega massaa\u017eik\u00fc\u00fcnla t\u00e4itepallid (4 tk) - Fizzi\" \/>\n<meta property=\"og:description\" content=\"T\u00e4itepallid teokarbikujulise massaa\u017eik\u00fc\u00fcnla t\u00e4itmiseks. Looduslik kookosvaha, sheav\u00f5i ja magusa mandli \u00f5li hooldavad nahka, kirsi aroom ja feromoonid loovad sensuaalse meeleolu.\" \/>\n<meta property=\"og:url\" content=\"https:\/\/fizzi.ee\/en\/product\/feromoonidega-massaazikuunla-taitepallid-4-tk\/\" \/>\n<meta property=\"og:site_name\" content=\"Fizzi\" \/>\n<meta property=\"article:publisher\" content=\"https:\/\/www.facebook.com\/fizzisenses\" \/>\n<meta property=\"article:modified_time\" content=\"2026-02-08T08:43:08+00:00\" \/>\n<meta property=\"og:image\" content=\"https:\/\/fizzi.ee\/wp-content\/uploads\/2025\/09\/vaarikas-refill-scaled.webp\" \/>\n\t<meta property=\"og:image:width\" content=\"2048\" \/>\n\t<meta property=\"og:image:height\" content=\"2560\" \/>\n\t<meta property=\"og:image:type\" content=\"image\/webp\" \/>\n<meta name=\"twitter:card\" content=\"summary_large_image\" \/>\n<meta name=\"twitter:label1\" content=\"Est. reading time\" \/>\n\t<meta name=\"twitter:data1\" content=\"1 minute\" \/>\n<script type=\"application\/ld+json\" class=\"yoast-schema-graph\">{\"@context\":\"https:\/\/schema.org\",\"@graph\":[{\"@type\":\"WebPage\",\"@id\":\"https:\/\/fizzi.ee\/toode\/feromoonidega-massaazikuunla-taitepallid-4-tk\/\",\"url\":\"https:\/\/fizzi.ee\/toode\/feromoonidega-massaazikuunla-taitepallid-4-tk\/\",\"name\":\"Feromoonidega massaa\u017eik\u00fc\u00fcnla t\u00e4itepallid (4 tk) - Fizzi\",\"isPartOf\":{\"@id\":\"https:\/\/fizzi.ee\/#website\"},\"primaryImageOfPage\":{\"@id\":\"https:\/\/fizzi.ee\/toode\/feromoonidega-massaazikuunla-taitepallid-4-tk\/#primaryimage\"},\"image\":{\"@id\":\"https:\/\/fizzi.ee\/toode\/feromoonidega-massaazikuunla-taitepallid-4-tk\/#primaryimage\"},\"thumbnailUrl\":\"https:\/\/fizzi.ee\/wp-content\/uploads\/2025\/09\/vaarikas-refill-scaled.webp\",\"datePublished\":\"2025-09-09T09:51:55+00:00\",\"dateModified\":\"2026-02-08T08:43:08+00:00\",\"description\":\"T\u00e4itepallid teokarbikujulise massaa\u017eik\u00fc\u00fcnla t\u00e4itmiseks. Looduslik kookosvaha, sheav\u00f5i ja magusa mandli \u00f5li hooldavad nahka, kirsi aroom ja feromoonid loovad sensuaalse meeleolu.\",\"breadcrumb\":{\"@id\":\"https:\/\/fizzi.ee\/toode\/feromoonidega-massaazikuunla-taitepallid-4-tk\/#breadcrumb\"},\"inLanguage\":\"en-US\",\"potentialAction\":[{\"@type\":\"ReadAction\",\"target\":[\"https:\/\/fizzi.ee\/toode\/feromoonidega-massaazikuunla-taitepallid-4-tk\/\"]}]},{\"@type\":\"ImageObject\",\"inLanguage\":\"en-US\",\"@id\":\"https:\/\/fizzi.ee\/toode\/feromoonidega-massaazikuunla-taitepallid-4-tk\/#primaryimage\",\"url\":\"https:\/\/fizzi.ee\/wp-content\/uploads\/2025\/09\/vaarikas-refill-scaled.webp\",\"contentUrl\":\"https:\/\/fizzi.ee\/wp-content\/uploads\/2025\/09\/vaarikas-refill-scaled.webp\",\"width\":2048,\"height\":2560},{\"@type\":\"BreadcrumbList\",\"@id\":\"https:\/\/fizzi.ee\/toode\/feromoonidega-massaazikuunla-taitepallid-4-tk\/#breadcrumb\",\"itemListElement\":[{\"@type\":\"ListItem\",\"position\":1,\"name\":\"Home\",\"item\":\"https:\/\/fizzi.ee\/\"},{\"@type\":\"ListItem\",\"position\":2,\"name\":\"E-pood\",\"item\":\"https:\/\/fizzi.ee\/e-pood\/\"},{\"@type\":\"ListItem\",\"position\":3,\"name\":\"Feromoonidega massaa\u017eik\u00fc\u00fcnla t\u00e4itepallid (4 tk)\"}]},{\"@type\":\"WebSite\",\"@id\":\"https:\/\/fizzi.ee\/#website\",\"url\":\"https:\/\/fizzi.ee\/\",\"name\":\"Fizzi\",\"description\":\"Surprise your senses\",\"publisher\":{\"@id\":\"https:\/\/fizzi.ee\/#organization\"},\"potentialAction\":[{\"@type\":\"SearchAction\",\"target\":{\"@type\":\"EntryPoint\",\"urlTemplate\":\"https:\/\/fizzi.ee\/?s={search_term_string}\"},\"query-input\":{\"@type\":\"PropertyValueSpecification\",\"valueRequired\":true,\"valueName\":\"search_term_string\"}}],\"inLanguage\":\"en-US\"},{\"@type\":\"Organization\",\"@id\":\"https:\/\/fizzi.ee\/#organization\",\"name\":\"Fizzi\",\"url\":\"https:\/\/fizzi.ee\/\",\"logo\":{\"@type\":\"ImageObject\",\"inLanguage\":\"en-US\",\"@id\":\"https:\/\/fizzi.ee\/#\/schema\/logo\/image\/\",\"url\":\"https:\/\/fizzi.ee\/wp-content\/uploads\/2025\/04\/cropped-Logo-Fizzi-512x512-1.png\",\"contentUrl\":\"https:\/\/fizzi.ee\/wp-content\/uploads\/2025\/04\/cropped-Logo-Fizzi-512x512-1.png\",\"width\":512,\"height\":512,\"caption\":\"Fizzi\"},\"image\":{\"@id\":\"https:\/\/fizzi.ee\/#\/schema\/logo\/image\/\"},\"sameAs\":[\"https:\/\/www.facebook.com\/fizzisenses\"]}]}<\/script>\n<!-- \/ Yoast SEO plugin. -->","yoast_head_json":{"title":"Feromoonidega massaa\u017eik\u00fc\u00fcnla t\u00e4itepallid (4 tk) - Fizzi","description":"T\u00e4itepallid teokarbikujulise massaa\u017eik\u00fc\u00fcnla t\u00e4itmiseks. Looduslik kookosvaha, sheav\u00f5i ja magusa mandli \u00f5li hooldavad nahka, kirsi aroom ja feromoonid loovad sensuaalse meeleolu.","robots":{"index":"index","follow":"follow","max-snippet":"max-snippet:-1","max-image-preview":"max-image-preview:large","max-video-preview":"max-video-preview:-1"},"canonical":"https:\/\/fizzi.ee\/en\/product\/feromoonidega-massaazikuunla-taitepallid-4-tk\/","og_locale":"en_US","og_type":"article","og_title":"Feromoonidega massaa\u017eik\u00fc\u00fcnla t\u00e4itepallid (4 tk) - Fizzi","og_description":"T\u00e4itepallid teokarbikujulise massaa\u017eik\u00fc\u00fcnla t\u00e4itmiseks. Looduslik kookosvaha, sheav\u00f5i ja magusa mandli \u00f5li hooldavad nahka, kirsi aroom ja feromoonid loovad sensuaalse meeleolu.","og_url":"https:\/\/fizzi.ee\/en\/product\/feromoonidega-massaazikuunla-taitepallid-4-tk\/","og_site_name":"Fizzi","article_publisher":"https:\/\/www.facebook.com\/fizzisenses","article_modified_time":"2026-02-08T08:43:08+00:00","og_image":[{"width":2048,"height":2560,"url":"https:\/\/fizzi.ee\/wp-content\/uploads\/2025\/09\/vaarikas-refill-scaled.webp","type":"image\/webp"}],"twitter_card":"summary_large_image","twitter_misc":{"Est. reading time":"1 minute"},"schema":{"@context":"https:\/\/schema.org","@graph":[{"@type":"WebPage","@id":"https:\/\/fizzi.ee\/toode\/feromoonidega-massaazikuunla-taitepallid-4-tk\/","url":"https:\/\/fizzi.ee\/toode\/feromoonidega-massaazikuunla-taitepallid-4-tk\/","name":"Feromoonidega massaa\u017eik\u00fc\u00fcnla t\u00e4itepallid (4 tk) - Fizzi","isPartOf":{"@id":"https:\/\/fizzi.ee\/#website"},"primaryImageOfPage":{"@id":"https:\/\/fizzi.ee\/toode\/feromoonidega-massaazikuunla-taitepallid-4-tk\/#primaryimage"},"image":{"@id":"https:\/\/fizzi.ee\/toode\/feromoonidega-massaazikuunla-taitepallid-4-tk\/#primaryimage"},"thumbnailUrl":"https:\/\/fizzi.ee\/wp-content\/uploads\/2025\/09\/vaarikas-refill-scaled.webp","datePublished":"2025-09-09T09:51:55+00:00","dateModified":"2026-02-08T08:43:08+00:00","description":"T\u00e4itepallid teokarbikujulise massaa\u017eik\u00fc\u00fcnla t\u00e4itmiseks. Looduslik kookosvaha, sheav\u00f5i ja magusa mandli \u00f5li hooldavad nahka, kirsi aroom ja feromoonid loovad sensuaalse meeleolu.","breadcrumb":{"@id":"https:\/\/fizzi.ee\/toode\/feromoonidega-massaazikuunla-taitepallid-4-tk\/#breadcrumb"},"inLanguage":"en-US","potentialAction":[{"@type":"ReadAction","target":["https:\/\/fizzi.ee\/toode\/feromoonidega-massaazikuunla-taitepallid-4-tk\/"]}]},{"@type":"ImageObject","inLanguage":"en-US","@id":"https:\/\/fizzi.ee\/toode\/feromoonidega-massaazikuunla-taitepallid-4-tk\/#primaryimage","url":"https:\/\/fizzi.ee\/wp-content\/uploads\/2025\/09\/vaarikas-refill-scaled.webp","contentUrl":"https:\/\/fizzi.ee\/wp-content\/uploads\/2025\/09\/vaarikas-refill-scaled.webp","width":2048,"height":2560},{"@type":"BreadcrumbList","@id":"https:\/\/fizzi.ee\/toode\/feromoonidega-massaazikuunla-taitepallid-4-tk\/#breadcrumb","itemListElement":[{"@type":"ListItem","position":1,"name":"Home","item":"https:\/\/fizzi.ee\/"},{"@type":"ListItem","position":2,"name":"E-pood","item":"https:\/\/fizzi.ee\/e-pood\/"},{"@type":"ListItem","position":3,"name":"Feromoonidega massaa\u017eik\u00fc\u00fcnla t\u00e4itepallid (4 tk)"}]},{"@type":"WebSite","@id":"https:\/\/fizzi.ee\/#website","url":"https:\/\/fizzi.ee\/","name":"Fizzi","description":"Surprise your senses","publisher":{"@id":"https:\/\/fizzi.ee\/#organization"},"potentialAction":[{"@type":"SearchAction","target":{"@type":"EntryPoint","urlTemplate":"https:\/\/fizzi.ee\/?s={search_term_string}"},"query-input":{"@type":"PropertyValueSpecification","valueRequired":true,"valueName":"search_term_string"}}],"inLanguage":"en-US"},{"@type":"Organization","@id":"https:\/\/fizzi.ee\/#organization","name":"Fizzi","url":"https:\/\/fizzi.ee\/","logo":{"@type":"ImageObject","inLanguage":"en-US","@id":"https:\/\/fizzi.ee\/#\/schema\/logo\/image\/","url":"https:\/\/fizzi.ee\/wp-content\/uploads\/2025\/04\/cropped-Logo-Fizzi-512x512-1.png","contentUrl":"https:\/\/fizzi.ee\/wp-content\/uploads\/2025\/04\/cropped-Logo-Fizzi-512x512-1.png","width":512,"height":512,"caption":"Fizzi"},"image":{"@id":"https:\/\/fizzi.ee\/#\/schema\/logo\/image\/"},"sameAs":["https:\/\/www.facebook.com\/fizzisenses"]}]}},"uagb_featured_image_src":{"full":["https:\/\/fizzi.ee\/wp-content\/uploads\/2025\/09\/vaarikas-refill-scaled.webp",2048,2560,false],"thumbnail":["https:\/\/fizzi.ee\/wp-content\/uploads\/2025\/09\/vaarikas-refill-150x150.webp",150,150,true],"medium":["https:\/\/fizzi.ee\/wp-content\/uploads\/2025\/09\/vaarikas-refill-240x300.webp",240,300,true],"medium_large":["https:\/\/fizzi.ee\/wp-content\/uploads\/2025\/09\/vaarikas-refill-768x960.webp",768,960,true],"large":["https:\/\/fizzi.ee\/wp-content\/uploads\/2025\/09\/vaarikas-refill-819x1024.webp",819,1024,true],"1536x1536":["https:\/\/fizzi.ee\/wp-content\/uploads\/2025\/09\/vaarikas-refill-1229x1536.webp",1229,1536,true],"2048x2048":["https:\/\/fizzi.ee\/wp-content\/uploads\/2025\/09\/vaarikas-refill-1638x2048.webp",1638,2048,true],"trp-custom-language-flag":["https:\/\/fizzi.ee\/wp-content\/uploads\/2025\/09\/vaarikas-refill-10x12.webp",10,12,true],"woocommerce_thumbnail":["https:\/\/fizzi.ee\/wp-content\/uploads\/2025\/09\/vaarikas-refill-300x300.webp",300,300,true],"woocommerce_single":["https:\/\/fizzi.ee\/wp-content\/uploads\/2025\/09\/vaarikas-refill-600x750.webp",600,750,true],"woocommerce_gallery_thumbnail":["https:\/\/fizzi.ee\/wp-content\/uploads\/2025\/09\/vaarikas-refill-100x100.webp",100,100,true]},"uagb_author_info":{"display_name":"Rutha","author_link":"https:\/\/fizzi.ee\/en\/author\/"},"uagb_comment_info":0,"uagb_excerpt":"T\u00e4itepallid teokarbikujulise massaa\u017eik\u00fc\u00fcnla t\u00e4itmiseks. Looduslik kookosvaha, sheav\u00f5i ja magusa mandli \u00f5li hooldavad nahka, kirsi aroom ja feromoonid loovad sensuaalse meeleolu.","jetpack_sharing_enabled":true,"_links":{"self":[{"href":"https:\/\/fizzi.ee\/en\/wp-json\/wp\/v2\/product\/7283","targetHints":{"allow":["GET"]}}],"collection":[{"href":"https:\/\/fizzi.ee\/en\/wp-json\/wp\/v2\/product"}],"about":[{"href":"https:\/\/fizzi.ee\/en\/wp-json\/wp\/v2\/types\/product"}],"replies":[{"embeddable":true,"href":"https:\/\/fizzi.ee\/en\/wp-json\/wp\/v2\/comments?post=7283"}],"version-history":[{"count":5,"href":"https:\/\/fizzi.ee\/en\/wp-json\/wp\/v2\/product\/7283\/revisions"}],"predecessor-version":[{"id":7329,"href":"https:\/\/fizzi.ee\/en\/wp-json\/wp\/v2\/product\/7283\/revisions\/7329"}],"wp:featuredmedia":[{"embeddable":true,"href":"https:\/\/fizzi.ee\/en\/wp-json\/wp\/v2\/media\/7284"}],"wp:attachment":[{"href":"https:\/\/fizzi.ee\/en\/wp-json\/wp\/v2\/media?parent=7283"}],"wp:term":[{"taxonomy":"product_brand","embeddable":true,"href":"https:\/\/fizzi.ee\/en\/wp-json\/wp\/v2\/product_brand?post=7283"},{"taxonomy":"product_cat","embeddable":true,"href":"https:\/\/fizzi.ee\/en\/wp-json\/wp\/v2\/product_cat?post=7283"},{"taxonomy":"product_tag","embeddable":true,"href":"https:\/\/fizzi.ee\/en\/wp-json\/wp\/v2\/product_tag?post=7283"}],"curies":[{"name":"wp","href":"https:\/\/api.w.org\/{rel}","templated":true}]}}