{"id":7290,"date":"2025-09-23T12:30:17","date_gmt":"2025-09-23T12:30:17","guid":{"rendered":"https:\/\/fizzi.ee\/?post_type=product&#038;p=7290"},"modified":"2026-02-08T10:42:22","modified_gmt":"2026-02-08T08:42:22","slug":"vannivahupulber","status":"publish","type":"product","link":"https:\/\/fizzi.ee\/en\/product\/vannivahupulber\/","title":{"rendered":"Vannivahu pulber &#8220;V\u00e4rske Vaarikas&#8221;"},"content":{"rendered":"<div data-elementor-type=\"wp-post\" data-elementor-id=\"7290\" class=\"elementor elementor-7290\">\n\t\t\t\t<div class=\"elementor-element elementor-element-313f8998 e-flex e-con-boxed e-con e-parent\" data-id=\"313f8998\" data-element_type=\"container\">\n\t\t\t\t\t<div class=\"e-con-inner\">\n\t\t\t\t<div class=\"elementor-element elementor-element-6c6c7afa elementor-widget elementor-widget-text-editor\" data-id=\"6c6c7afa\" data-element_type=\"widget\" data-widget_type=\"text-editor.default\">\n\t\t\t\t<div class=\"elementor-widget-container\">\n\t\t\t\t\t\t\t\t\t<p>T\u00f5eliselt l\u00f5\u00f5gastav kooslus looduslikest koostisosadest hellitab keha ja meeli:<\/p><p data-start=\"494\" data-end=\"1257\"><strong>Sooda ja sidrunhape <\/strong>loovad \u00f5rna kihiseva efekti, mis ergutab vereringet ja annab energiat.<br data-start=\"612\" data-end=\"615\" \/><strong>Kartulit\u00e4rklis<\/strong> muudab vee siidiselt pehmeks ja rahustab nahka.<br data-start=\"731\" data-end=\"734\" \/><strong>Kookos\u00f5li<\/strong>\u00a0niisutab s\u00fcgavuti, taastades naha elastsuse ja loomuliku s\u00e4ra.<br data-start=\"834\" data-end=\"837\" \/><strong>Epsomi sool<\/strong>\u00a0aitab l\u00f5dvestada lihaseid ja leevendab v\u00e4simust.<br data-start=\"924\" data-end=\"927\" data-is-only-node=\"\" \/><strong>Looduslik vahuaine <\/strong>(SLSA)\u00a0loob rikkaliku, pehme vahu, mis muudab vannisk\u00e4igu t\u00f5eliseks luksuseks.<br data-start=\"1032\" data-end=\"1035\" \/><strong>Magusmandli\u00f5li<\/strong> pehmendab ja toidab nahka, j\u00e4ttes selle siidiselt siledaks.<br data-start=\"1146\" data-end=\"1149\" \/><strong>Vaarika aroom<\/strong> toob tuppa magusa, r\u00f5\u00f5msameelse l\u00f5hna, mis t\u00f5stab tuju ja annab energiat.<\/p><p data-start=\"1259\" data-end=\"1399\"><strong>Tulemuseks on naeratust t\u00e4is vannikogemus, mis toob su p\u00e4eva kergust ja r\u00f5\u00f5mu \u2013 samal ajal kui su nahk j\u00e4\u00e4b niisutatud ja hoolitsetud.<\/strong><\/p><p><strong>Kasutamine<\/strong>: Puista vannivahu puru sooja vannivette ja vaata kuidas pulbrist v\u00f5luv\u00e4el vaht moodustub. Sobib nii t\u00e4iskasvanute kui lastele. Sobib kasutada vannis v\u00f5i jalavannis. 100% looduslik.<\/p><p>Hoida lastele k\u00e4ttesaamatus kohas. Ei sobi alla 3-aastastele lastele. Hoida toodet kuivas kohas otsese p\u00e4ikesevalguse eest kaitstuna.<\/p><p>Toote s\u00e4ilivusaeg on 6 kuud.<\/p><p><strong>INCI<\/strong>: Sodium Bicarbonate, Citric Acid, Solanum Tuberosum Starch, Cocos Nucifera Oil, Magnesium Sulfate (Epsom), Sodium Lauryl Sulfoacetate, Prunus Amygdalus Dulcis Oil, Fragrance Oil, Mica<\/p><p>Meie toodetes on kasutatud vaid kvaliteetseid aroomi\u00f5lisid, mis omavad IFRA (International Fragrance Association) sertifikaati.<\/p>\t\t\t\t\t\t\t\t<\/div>\n\t\t\t\t<\/div>\n\t\t\t\t\t<\/div>\n\t\t\t\t<\/div>\n\t\t\t\t<\/div>","protected":false},"excerpt":{"rendered":"<p>Lase end viia suvisele marjap\u00f5llule, kus \u00f5hus h\u00f5ljub v\u00e4rske vaarika magus aroom. Meie vaarikal\u00f5hnaline vannivahu pulber muudab tavalise vannisk\u00e4igu m\u00f5nusaks naudinguks \u2013 kihisev, vahune ja hellitav vannivesi paitab keha. Naturaalsete \u00f5lidega rikastatud vannivahu pulber loob vahutava ja meeldiva aroomiga vannivee, mis puhastab ja hooldab nahka.<\/p>","protected":false},"featured_media":7314,"comment_status":"open","ping_status":"closed","template":"","meta":{"_uag_custom_page_level_css":"","site-sidebar-layout":"default","site-content-layout":"","ast-site-content-layout":"default","site-content-style":"default","site-sidebar-style":"default","ast-global-header-display":"","ast-banner-title-visibility":"","ast-main-header-display":"","ast-hfb-above-header-display":"","ast-hfb-below-header-display":"","ast-hfb-mobile-header-display":"","site-post-title":"","ast-breadcrumbs-content":"","ast-featured-img":"","footer-sml-layout":"","theme-transparent-header-meta":"default","adv-header-id-meta":"","stick-header-meta":"","header-above-stick-meta":"","header-main-stick-meta":"","header-below-stick-meta":"","astra-migrate-meta-layouts":"set","ast-page-background-enabled":"default","ast-page-background-meta":{"desktop":{"background-color":"","background-image":"","background-repeat":"repeat","background-position":"center center","background-size":"auto","background-attachment":"scroll","background-type":"","background-media":"","overlay-type":"","overlay-color":"","overlay-opacity":"","overlay-gradient":""},"tablet":{"background-color":"","background-image":"","background-repeat":"repeat","background-position":"center center","background-size":"auto","background-attachment":"scroll","background-type":"","background-media":"","overlay-type":"","overlay-color":"","overlay-opacity":"","overlay-gradient":""},"mobile":{"background-color":"","background-image":"","background-repeat":"repeat","background-position":"center center","background-size":"auto","background-attachment":"scroll","background-type":"","background-media":"","overlay-type":"","overlay-color":"","overlay-opacity":"","overlay-gradient":""}},"ast-content-background-meta":{"desktop":{"background-color":"var(--ast-global-color-5)","background-image":"","background-repeat":"repeat","background-position":"center center","background-size":"auto","background-attachment":"scroll","background-type":"","background-media":"","overlay-type":"","overlay-color":"","overlay-opacity":"","overlay-gradient":""},"tablet":{"background-color":"var(--ast-global-color-5)","background-image":"","background-repeat":"repeat","background-position":"center center","background-size":"auto","background-attachment":"scroll","background-type":"","background-media":"","overlay-type":"","overlay-color":"","overlay-opacity":"","overlay-gradient":""},"mobile":{"background-color":"var(--ast-global-color-5)","background-image":"","background-repeat":"repeat","background-position":"center center","background-size":"auto","background-attachment":"scroll","background-type":"","background-media":"","overlay-type":"","overlay-color":"","overlay-opacity":"","overlay-gradient":""}}},"product_brand":[],"product_cat":[95,23,58],"product_tag":[],"class_list":{"0":"post-7290","1":"product","2":"type-product","3":"status-publish","4":"has-post-thumbnail","6":"product_cat-kehahooldus","7":"product_cat-tooted","8":"product_cat-vannitooted","9":"desktop-align-left","10":"tablet-align-left","11":"mobile-align-left","13":"first","14":"instock","15":"featured","16":"shipping-taxable","17":"purchasable","18":"product-type-simple"},"yoast_head":"<!-- This site is optimized with the Yoast SEO plugin v27.2 - https:\/\/yoast.com\/product\/yoast-seo-wordpress\/ -->\n<title>Vannivahu pulber &quot;V\u00e4rske Vaarikas&quot; - Fizzi<\/title>\n<meta name=\"description\" content=\"Looduslik vannivahupulber loob vahutava ja meeldiva aroomiga vannivee. Looduslikud koostisosad hooldavad nahka ja muudavad vannisk\u00e4igu eriliseks rituaaliks. Sisaldab naturaalset kookos\u00f5li ja magusa mandli \u00f5li.\" \/>\n<meta name=\"robots\" content=\"index, follow, max-snippet:-1, max-image-preview:large, max-video-preview:-1\" \/>\n<link rel=\"canonical\" href=\"https:\/\/fizzi.ee\/en\/product\/vannivahupulber\/\" \/>\n<meta property=\"og:locale\" content=\"en_US\" \/>\n<meta property=\"og:type\" content=\"article\" \/>\n<meta property=\"og:title\" content=\"Vannivahu pulber &quot;V\u00e4rske Vaarikas&quot; - Fizzi\" \/>\n<meta property=\"og:description\" content=\"Looduslik vannivahupulber loob vahutava ja meeldiva aroomiga vannivee. Looduslikud koostisosad hooldavad nahka ja muudavad vannisk\u00e4igu eriliseks rituaaliks. Sisaldab naturaalset kookos\u00f5li ja magusa mandli \u00f5li.\" \/>\n<meta property=\"og:url\" content=\"https:\/\/fizzi.ee\/en\/product\/vannivahupulber\/\" \/>\n<meta property=\"og:site_name\" content=\"Fizzi\" \/>\n<meta property=\"article:publisher\" content=\"https:\/\/www.facebook.com\/fizzisenses\" \/>\n<meta property=\"article:modified_time\" content=\"2026-02-08T08:42:22+00:00\" \/>\n<meta property=\"og:image\" content=\"https:\/\/fizzi.ee\/wp-content\/uploads\/2025\/09\/vannivahupulber.webp\" \/>\n\t<meta property=\"og:image:width\" content=\"864\" \/>\n\t<meta property=\"og:image:height\" content=\"1184\" \/>\n\t<meta property=\"og:image:type\" content=\"image\/webp\" \/>\n<meta name=\"twitter:card\" content=\"summary_large_image\" \/>\n<meta name=\"twitter:label1\" content=\"Est. reading time\" \/>\n\t<meta name=\"twitter:data1\" content=\"2 minutes\" \/>\n<script type=\"application\/ld+json\" class=\"yoast-schema-graph\">{\"@context\":\"https:\/\/schema.org\",\"@graph\":[{\"@type\":\"WebPage\",\"@id\":\"https:\/\/fizzi.ee\/toode\/vannivahupulber\/\",\"url\":\"https:\/\/fizzi.ee\/toode\/vannivahupulber\/\",\"name\":\"Vannivahu pulber \\\"V\u00e4rske Vaarikas\\\" - Fizzi\",\"isPartOf\":{\"@id\":\"https:\/\/fizzi.ee\/#website\"},\"primaryImageOfPage\":{\"@id\":\"https:\/\/fizzi.ee\/toode\/vannivahupulber\/#primaryimage\"},\"image\":{\"@id\":\"https:\/\/fizzi.ee\/toode\/vannivahupulber\/#primaryimage\"},\"thumbnailUrl\":\"https:\/\/fizzi.ee\/wp-content\/uploads\/2025\/09\/vannivahupulber.webp\",\"datePublished\":\"2025-09-23T12:30:17+00:00\",\"dateModified\":\"2026-02-08T08:42:22+00:00\",\"description\":\"Looduslik vannivahupulber loob vahutava ja meeldiva aroomiga vannivee. Looduslikud koostisosad hooldavad nahka ja muudavad vannisk\u00e4igu eriliseks rituaaliks. Sisaldab naturaalset kookos\u00f5li ja magusa mandli \u00f5li.\",\"breadcrumb\":{\"@id\":\"https:\/\/fizzi.ee\/toode\/vannivahupulber\/#breadcrumb\"},\"inLanguage\":\"en-US\",\"potentialAction\":[{\"@type\":\"ReadAction\",\"target\":[\"https:\/\/fizzi.ee\/toode\/vannivahupulber\/\"]}]},{\"@type\":\"ImageObject\",\"inLanguage\":\"en-US\",\"@id\":\"https:\/\/fizzi.ee\/toode\/vannivahupulber\/#primaryimage\",\"url\":\"https:\/\/fizzi.ee\/wp-content\/uploads\/2025\/09\/vannivahupulber.webp\",\"contentUrl\":\"https:\/\/fizzi.ee\/wp-content\/uploads\/2025\/09\/vannivahupulber.webp\",\"width\":864,\"height\":1184},{\"@type\":\"BreadcrumbList\",\"@id\":\"https:\/\/fizzi.ee\/toode\/vannivahupulber\/#breadcrumb\",\"itemListElement\":[{\"@type\":\"ListItem\",\"position\":1,\"name\":\"Home\",\"item\":\"https:\/\/fizzi.ee\/\"},{\"@type\":\"ListItem\",\"position\":2,\"name\":\"E-pood\",\"item\":\"https:\/\/fizzi.ee\/e-pood\/\"},{\"@type\":\"ListItem\",\"position\":3,\"name\":\"Vannivahu pulber &#8220;V\u00e4rske Vaarikas&#8221;\"}]},{\"@type\":\"WebSite\",\"@id\":\"https:\/\/fizzi.ee\/#website\",\"url\":\"https:\/\/fizzi.ee\/\",\"name\":\"Fizzi\",\"description\":\"Surprise your senses\",\"publisher\":{\"@id\":\"https:\/\/fizzi.ee\/#organization\"},\"potentialAction\":[{\"@type\":\"SearchAction\",\"target\":{\"@type\":\"EntryPoint\",\"urlTemplate\":\"https:\/\/fizzi.ee\/?s={search_term_string}\"},\"query-input\":{\"@type\":\"PropertyValueSpecification\",\"valueRequired\":true,\"valueName\":\"search_term_string\"}}],\"inLanguage\":\"en-US\"},{\"@type\":\"Organization\",\"@id\":\"https:\/\/fizzi.ee\/#organization\",\"name\":\"Fizzi\",\"url\":\"https:\/\/fizzi.ee\/\",\"logo\":{\"@type\":\"ImageObject\",\"inLanguage\":\"en-US\",\"@id\":\"https:\/\/fizzi.ee\/#\/schema\/logo\/image\/\",\"url\":\"https:\/\/fizzi.ee\/wp-content\/uploads\/2025\/04\/cropped-Logo-Fizzi-512x512-1.png\",\"contentUrl\":\"https:\/\/fizzi.ee\/wp-content\/uploads\/2025\/04\/cropped-Logo-Fizzi-512x512-1.png\",\"width\":512,\"height\":512,\"caption\":\"Fizzi\"},\"image\":{\"@id\":\"https:\/\/fizzi.ee\/#\/schema\/logo\/image\/\"},\"sameAs\":[\"https:\/\/www.facebook.com\/fizzisenses\"]}]}<\/script>\n<!-- \/ Yoast SEO plugin. -->","yoast_head_json":{"title":"Vannivahu pulber \"V\u00e4rske Vaarikas\" - Fizzi","description":"Looduslik vannivahupulber loob vahutava ja meeldiva aroomiga vannivee. Looduslikud koostisosad hooldavad nahka ja muudavad vannisk\u00e4igu eriliseks rituaaliks. Sisaldab naturaalset kookos\u00f5li ja magusa mandli \u00f5li.","robots":{"index":"index","follow":"follow","max-snippet":"max-snippet:-1","max-image-preview":"max-image-preview:large","max-video-preview":"max-video-preview:-1"},"canonical":"https:\/\/fizzi.ee\/en\/product\/vannivahupulber\/","og_locale":"en_US","og_type":"article","og_title":"Vannivahu pulber \"V\u00e4rske Vaarikas\" - Fizzi","og_description":"Looduslik vannivahupulber loob vahutava ja meeldiva aroomiga vannivee. Looduslikud koostisosad hooldavad nahka ja muudavad vannisk\u00e4igu eriliseks rituaaliks. Sisaldab naturaalset kookos\u00f5li ja magusa mandli \u00f5li.","og_url":"https:\/\/fizzi.ee\/en\/product\/vannivahupulber\/","og_site_name":"Fizzi","article_publisher":"https:\/\/www.facebook.com\/fizzisenses","article_modified_time":"2026-02-08T08:42:22+00:00","og_image":[{"width":864,"height":1184,"url":"https:\/\/fizzi.ee\/wp-content\/uploads\/2025\/09\/vannivahupulber.webp","type":"image\/webp"}],"twitter_card":"summary_large_image","twitter_misc":{"Est. reading time":"2 minutes"},"schema":{"@context":"https:\/\/schema.org","@graph":[{"@type":"WebPage","@id":"https:\/\/fizzi.ee\/toode\/vannivahupulber\/","url":"https:\/\/fizzi.ee\/toode\/vannivahupulber\/","name":"Vannivahu pulber \"V\u00e4rske Vaarikas\" - Fizzi","isPartOf":{"@id":"https:\/\/fizzi.ee\/#website"},"primaryImageOfPage":{"@id":"https:\/\/fizzi.ee\/toode\/vannivahupulber\/#primaryimage"},"image":{"@id":"https:\/\/fizzi.ee\/toode\/vannivahupulber\/#primaryimage"},"thumbnailUrl":"https:\/\/fizzi.ee\/wp-content\/uploads\/2025\/09\/vannivahupulber.webp","datePublished":"2025-09-23T12:30:17+00:00","dateModified":"2026-02-08T08:42:22+00:00","description":"Looduslik vannivahupulber loob vahutava ja meeldiva aroomiga vannivee. Looduslikud koostisosad hooldavad nahka ja muudavad vannisk\u00e4igu eriliseks rituaaliks. Sisaldab naturaalset kookos\u00f5li ja magusa mandli \u00f5li.","breadcrumb":{"@id":"https:\/\/fizzi.ee\/toode\/vannivahupulber\/#breadcrumb"},"inLanguage":"en-US","potentialAction":[{"@type":"ReadAction","target":["https:\/\/fizzi.ee\/toode\/vannivahupulber\/"]}]},{"@type":"ImageObject","inLanguage":"en-US","@id":"https:\/\/fizzi.ee\/toode\/vannivahupulber\/#primaryimage","url":"https:\/\/fizzi.ee\/wp-content\/uploads\/2025\/09\/vannivahupulber.webp","contentUrl":"https:\/\/fizzi.ee\/wp-content\/uploads\/2025\/09\/vannivahupulber.webp","width":864,"height":1184},{"@type":"BreadcrumbList","@id":"https:\/\/fizzi.ee\/toode\/vannivahupulber\/#breadcrumb","itemListElement":[{"@type":"ListItem","position":1,"name":"Home","item":"https:\/\/fizzi.ee\/"},{"@type":"ListItem","position":2,"name":"E-pood","item":"https:\/\/fizzi.ee\/e-pood\/"},{"@type":"ListItem","position":3,"name":"Vannivahu pulber &#8220;V\u00e4rske Vaarikas&#8221;"}]},{"@type":"WebSite","@id":"https:\/\/fizzi.ee\/#website","url":"https:\/\/fizzi.ee\/","name":"Fizzi","description":"Surprise your senses","publisher":{"@id":"https:\/\/fizzi.ee\/#organization"},"potentialAction":[{"@type":"SearchAction","target":{"@type":"EntryPoint","urlTemplate":"https:\/\/fizzi.ee\/?s={search_term_string}"},"query-input":{"@type":"PropertyValueSpecification","valueRequired":true,"valueName":"search_term_string"}}],"inLanguage":"en-US"},{"@type":"Organization","@id":"https:\/\/fizzi.ee\/#organization","name":"Fizzi","url":"https:\/\/fizzi.ee\/","logo":{"@type":"ImageObject","inLanguage":"en-US","@id":"https:\/\/fizzi.ee\/#\/schema\/logo\/image\/","url":"https:\/\/fizzi.ee\/wp-content\/uploads\/2025\/04\/cropped-Logo-Fizzi-512x512-1.png","contentUrl":"https:\/\/fizzi.ee\/wp-content\/uploads\/2025\/04\/cropped-Logo-Fizzi-512x512-1.png","width":512,"height":512,"caption":"Fizzi"},"image":{"@id":"https:\/\/fizzi.ee\/#\/schema\/logo\/image\/"},"sameAs":["https:\/\/www.facebook.com\/fizzisenses"]}]}},"uagb_featured_image_src":{"full":["https:\/\/fizzi.ee\/wp-content\/uploads\/2025\/09\/vannivahupulber.webp",864,1184,false],"thumbnail":["https:\/\/fizzi.ee\/wp-content\/uploads\/2025\/09\/vannivahupulber-150x150.webp",150,150,true],"medium":["https:\/\/fizzi.ee\/wp-content\/uploads\/2025\/09\/vannivahupulber-219x300.webp",219,300,true],"medium_large":["https:\/\/fizzi.ee\/wp-content\/uploads\/2025\/09\/vannivahupulber-768x1052.webp",768,1052,true],"large":["https:\/\/fizzi.ee\/wp-content\/uploads\/2025\/09\/vannivahupulber-747x1024.webp",747,1024,true],"1536x1536":["https:\/\/fizzi.ee\/wp-content\/uploads\/2025\/09\/vannivahupulber.webp",864,1184,false],"2048x2048":["https:\/\/fizzi.ee\/wp-content\/uploads\/2025\/09\/vannivahupulber.webp",864,1184,false],"trp-custom-language-flag":["https:\/\/fizzi.ee\/wp-content\/uploads\/2025\/09\/vannivahupulber-9x12.webp",9,12,true],"woocommerce_thumbnail":["https:\/\/fizzi.ee\/wp-content\/uploads\/2025\/09\/vannivahupulber-300x300.webp",300,300,true],"woocommerce_single":["https:\/\/fizzi.ee\/wp-content\/uploads\/2025\/09\/vannivahupulber-600x822.webp",600,822,true],"woocommerce_gallery_thumbnail":["https:\/\/fizzi.ee\/wp-content\/uploads\/2025\/09\/vannivahupulber-100x100.webp",100,100,true]},"uagb_author_info":{"display_name":"Rutha","author_link":"https:\/\/fizzi.ee\/en\/author\/"},"uagb_comment_info":0,"uagb_excerpt":"Lase end viia suvisele marjap\u00f5llule, kus \u00f5hus h\u00f5ljub v\u00e4rske vaarika magus aroom. Meie vaarikal\u00f5hnaline vannivahu pulber muudab tavalise vannisk\u00e4igu m\u00f5nusaks naudinguks \u2013 kihisev, vahune ja hellitav vannivesi paitab keha. Naturaalsete \u00f5lidega rikastatud vannivahu pulber loob vahutava ja meeldiva aroomiga vannivee, mis puhastab ja hooldab nahka.","jetpack_sharing_enabled":true,"_links":{"self":[{"href":"https:\/\/fizzi.ee\/en\/wp-json\/wp\/v2\/product\/7290","targetHints":{"allow":["GET"]}}],"collection":[{"href":"https:\/\/fizzi.ee\/en\/wp-json\/wp\/v2\/product"}],"about":[{"href":"https:\/\/fizzi.ee\/en\/wp-json\/wp\/v2\/types\/product"}],"replies":[{"embeddable":true,"href":"https:\/\/fizzi.ee\/en\/wp-json\/wp\/v2\/comments?post=7290"}],"version-history":[{"count":5,"href":"https:\/\/fizzi.ee\/en\/wp-json\/wp\/v2\/product\/7290\/revisions"}],"predecessor-version":[{"id":7361,"href":"https:\/\/fizzi.ee\/en\/wp-json\/wp\/v2\/product\/7290\/revisions\/7361"}],"wp:featuredmedia":[{"embeddable":true,"href":"https:\/\/fizzi.ee\/en\/wp-json\/wp\/v2\/media\/7314"}],"wp:attachment":[{"href":"https:\/\/fizzi.ee\/en\/wp-json\/wp\/v2\/media?parent=7290"}],"wp:term":[{"taxonomy":"product_brand","embeddable":true,"href":"https:\/\/fizzi.ee\/en\/wp-json\/wp\/v2\/product_brand?post=7290"},{"taxonomy":"product_cat","embeddable":true,"href":"https:\/\/fizzi.ee\/en\/wp-json\/wp\/v2\/product_cat?post=7290"},{"taxonomy":"product_tag","embeddable":true,"href":"https:\/\/fizzi.ee\/en\/wp-json\/wp\/v2\/product_tag?post=7290"}],"curies":[{"name":"wp","href":"https:\/\/api.w.org\/{rel}","templated":true}]}}