{"id":7388,"date":"2025-10-13T17:13:41","date_gmt":"2025-10-13T15:13:41","guid":{"rendered":"https:\/\/fizzi.ee\/?post_type=product&#038;p=7388"},"modified":"2026-02-11T18:46:13","modified_gmt":"2026-02-11T16:46:13","slug":"vannipomm-kelmikas-kirss-2","status":"publish","type":"product","link":"https:\/\/fizzi.ee\/en\/product\/vannipomm-kelmikas-kirss-2\/","title":{"rendered":"Vannipomm &#8220;Kelmikas Kirss&#8221;"},"content":{"rendered":"<div data-elementor-type=\"wp-post\" data-elementor-id=\"7388\" class=\"elementor elementor-7388\">\n\t\t\t\t<div class=\"elementor-element elementor-element-6afa1668 e-con-full e-flex e-con e-parent\" data-id=\"6afa1668\" data-element_type=\"container\">\n\t\t<div class=\"elementor-element elementor-element-979dcd7 e-con-full e-flex e-con e-child\" data-id=\"979dcd7\" data-element_type=\"container\">\n\t\t\t\t<div class=\"elementor-element elementor-element-914db60 elementor-widget elementor-widget-text-editor\" data-id=\"914db60\" data-element_type=\"widget\" data-widget_type=\"text-editor.default\">\n\t\t\t\t<div class=\"elementor-widget-container\">\n\t\t\t\t\t\t\t\t\t<p>Looduslik koostis on hoolikalt tasakaalustatud, et pakkuda sinu kehale ja vaimule t\u00f5elist puhkust:<\/p><ul><li><strong>Sooda ja sidrunhape<\/strong>\u00a0loovad \u00f5rna kihiseva efekti, mis aktiveerib verevarustuse ja aitab kehal l\u00f5\u00f5gastuda.<\/li><li><strong>Kartulit\u00e4rklis<\/strong>\u00a0muudab vee siidiselt pehmeks ja rahustab nahka.<\/li><li><strong>Kookos\u00f5li<\/strong>\u00a0niisutab s\u00fcgavuti ja j\u00e4tab naha elastseks ning toidetuks.<\/li><li><strong>Epsomi sool<\/strong>\u00a0aitab leevendada pinges lihaseid ja v\u00e4simust \u2013 ideaalne p\u00e4rast pikka p\u00e4eva.<\/li><li><strong>Looduslik vahuaine<\/strong>\u00a0(SLSA) loob rikkaliku, pehme vahu, mis \u00fcmbritseb keha luksusliku pilvena.<\/li><li><strong>Magusmandli\u00f5li<\/strong>\u00a0hooldab ja pehmendab nahka, andes sellele siidise tunde.<\/li><li><strong data-start=\"984\" data-end=\"999\">Kirsi l\u00f5hn <\/strong>t\u00f5stab tuju, rahustab meeli ja loob vannisk\u00e4igust t\u00f5elise sensoorse elamuse, kus keha tunneb end hellitatuna.<\/li><\/ul><p><strong>Koostis<\/strong>: Sodium Bicarbonate, Citric Acid, Solanum Tuberosum Starch, \u00a0Cocos Nucifera Oil, Magnesium Sulfate (Epsom), Sodium Lauryl Sulfoacetate, Prunus Amygdalus Dulcis Oil, Fragrance Oil, Citronellol*, Geraniol*, Linalool* (sisaldub naturaalselt eeterlikes \u00f5lides), Mica, CI 77019, CI 77891, CI 77491<\/p><p><span style=\"background-color: var(--ast-global-color-5); color: var( --e-global-color-text ); font-family: var( --e-global-typography-text-font-family ), Sans-serif; font-style: inherit; font-weight: inherit; text-align: var(--text-align);\">Meie toodetes on kasutatud vaid kvaliteetseid aroomi\u00f5lisid, mis omavad IFRA (International Fragrance Association) sertifikaati.<\/span><\/p><p><strong>Kasutamine<\/strong>: Aseta vannipall sooja vannivette ja vaata kuidas pallist v\u00f5luv\u00e4el kohev vaht moodustuma hakkab.\u00a0\u00a0<b>Nipp:<\/b>\u00a0Eriti koheva vahu saavutamiseks s\u00e4ttida vannipall voolava vee alla.<\/p><p>Allergiliste reaktsioonide v\u00e4ltimiseks testige toodet v\u00e4ikses koguses nahal. Toode on m\u00f5eldud vaid v\u00e4lispidiseks kasutamiseks. Mitte kasutada kahjustatud v\u00f5i \u00e4rritunud nahal.\u00a0Hoida lastele k\u00e4ttesaamatus kohas. Ei sobi alla 3-aastastele lastele.<\/p><p>Toote s\u00e4ilivusaeg on 6 kuud.<\/p><p><strong>S\u00e4ilitamine<\/strong>: Hoida kuivas ja jahedas kohas, kaitstuna otsese p\u00e4ikesevalguse eest.<\/p>\t\t\t\t\t\t\t\t<\/div>\n\t\t\t\t<\/div>\n\t\t\t\t<\/div>\n\t\t\t\t<\/div>\n\t\t\t\t<\/div>","protected":false},"excerpt":{"rendered":"<div>\n<p>Avasta kelmika kirsi v\u00f5lu ja muuda oma vannisk\u00e4ik meelierutavaks elamuseks!<\/p>\n<\/div>\n<div>\n<p>Sukeldu kirgliku kirsi aroomi. \u00dchtaegu nii soojendavad kui ka v\u00e4rskendavad noodid meenutavad suve\u00f5htuid v\u00f5i elegantseid magustoite. Looduslik vannipomm hellitab nahka s\u00fcgavalt, j\u00e4ttes selle siidpehmeks ja s\u00e4ravaks. Rikkalik vaht lisab vannile luksusliku puudutuse, muutes iga hetke nauditavaks.<\/p>\n<p>Soojendav hellitus kehale, ergutav nauding meeltele.<\/p>\n<\/div>\n<div>\n<p>Vannipalli netokaal 100 g<\/p>\n<\/div>","protected":false},"featured_media":7344,"comment_status":"open","ping_status":"closed","template":"","meta":{"_uag_custom_page_level_css":"","site-sidebar-layout":"default","site-content-layout":"","ast-site-content-layout":"default","site-content-style":"default","site-sidebar-style":"default","ast-global-header-display":"","ast-banner-title-visibility":"","ast-main-header-display":"","ast-hfb-above-header-display":"","ast-hfb-below-header-display":"","ast-hfb-mobile-header-display":"","site-post-title":"","ast-breadcrumbs-content":"","ast-featured-img":"","footer-sml-layout":"","theme-transparent-header-meta":"default","adv-header-id-meta":"","stick-header-meta":"","header-above-stick-meta":"","header-main-stick-meta":"","header-below-stick-meta":"","astra-migrate-meta-layouts":"set","ast-page-background-enabled":"default","ast-page-background-meta":{"desktop":{"background-color":"","background-image":"","background-repeat":"repeat","background-position":"center center","background-size":"auto","background-attachment":"scroll","background-type":"","background-media":"","overlay-type":"","overlay-color":"","overlay-opacity":"","overlay-gradient":""},"tablet":{"background-color":"","background-image":"","background-repeat":"repeat","background-position":"center center","background-size":"auto","background-attachment":"scroll","background-type":"","background-media":"","overlay-type":"","overlay-color":"","overlay-opacity":"","overlay-gradient":""},"mobile":{"background-color":"","background-image":"","background-repeat":"repeat","background-position":"center center","background-size":"auto","background-attachment":"scroll","background-type":"","background-media":"","overlay-type":"","overlay-color":"","overlay-opacity":"","overlay-gradient":""}},"ast-content-background-meta":{"desktop":{"background-color":"var(--ast-global-color-5)","background-image":"","background-repeat":"repeat","background-position":"center center","background-size":"auto","background-attachment":"scroll","background-type":"","background-media":"","overlay-type":"","overlay-color":"","overlay-opacity":"","overlay-gradient":""},"tablet":{"background-color":"var(--ast-global-color-5)","background-image":"","background-repeat":"repeat","background-position":"center center","background-size":"auto","background-attachment":"scroll","background-type":"","background-media":"","overlay-type":"","overlay-color":"","overlay-opacity":"","overlay-gradient":""},"mobile":{"background-color":"var(--ast-global-color-5)","background-image":"","background-repeat":"repeat","background-position":"center center","background-size":"auto","background-attachment":"scroll","background-type":"","background-media":"","overlay-type":"","overlay-color":"","overlay-opacity":"","overlay-gradient":""}}},"product_brand":[],"product_cat":[95,23,58],"product_tag":[],"class_list":{"0":"post-7388","1":"product","2":"type-product","3":"status-publish","4":"has-post-thumbnail","6":"product_cat-kehahooldus","7":"product_cat-tooted","8":"product_cat-vannitooted","9":"desktop-align-left","10":"tablet-align-left","11":"mobile-align-left","13":"first","14":"instock","15":"featured","16":"shipping-taxable","17":"purchasable","18":"product-type-simple"},"yoast_head":"<!-- This site is optimized with the Yoast SEO plugin v27.2 - https:\/\/yoast.com\/product\/yoast-seo-wordpress\/ -->\n<title>Vannipomm &quot;Kelmikas Kirss&quot; - Fizzi<\/title>\n<meta name=\"description\" content=\"Looduslik vannipall t\u00e4idab vee kihiseva vahuga ja meeli hellitava aroomiga. Looduslikud koostisosad hooldavad nahka ja muudavad vannisk\u00e4igu eriliseks rituaaliks. Sisaldab naturaalset kookos\u00f5li ja magusa mandli \u00f5li.\" \/>\n<meta name=\"robots\" content=\"index, follow, max-snippet:-1, max-image-preview:large, max-video-preview:-1\" \/>\n<link rel=\"canonical\" href=\"https:\/\/fizzi.ee\/en\/product\/vannipomm-kelmikas-kirss\/\" \/>\n<meta property=\"og:locale\" content=\"en_US\" \/>\n<meta property=\"og:type\" content=\"article\" \/>\n<meta property=\"og:title\" content=\"Vannipomm &quot;Kelmikas Kirss&quot; - Fizzi\" \/>\n<meta property=\"og:description\" content=\"Looduslik vannipall t\u00e4idab vee kihiseva vahuga ja meeli hellitava aroomiga. Looduslikud koostisosad hooldavad nahka ja muudavad vannisk\u00e4igu eriliseks rituaaliks. Sisaldab naturaalset kookos\u00f5li ja magusa mandli \u00f5li.\" \/>\n<meta property=\"og:url\" content=\"https:\/\/fizzi.ee\/en\/product\/vannipomm-kelmikas-kirss\/\" \/>\n<meta property=\"og:site_name\" content=\"Fizzi\" \/>\n<meta property=\"article:publisher\" content=\"https:\/\/www.facebook.com\/fizzisenses\" \/>\n<meta property=\"article:modified_time\" content=\"2026-02-11T16:46:13+00:00\" \/>\n<meta property=\"og:image\" content=\"https:\/\/fizzi.ee\/wp-content\/uploads\/2025\/10\/kirsi-vannipall.webp\" \/>\n\t<meta property=\"og:image:width\" content=\"1836\" \/>\n\t<meta property=\"og:image:height\" content=\"2448\" \/>\n\t<meta property=\"og:image:type\" content=\"image\/webp\" \/>\n<meta name=\"twitter:card\" content=\"summary_large_image\" \/>\n<meta name=\"twitter:label1\" content=\"Est. reading time\" \/>\n\t<meta name=\"twitter:data1\" content=\"2 minutes\" \/>\n<script type=\"application\/ld+json\" class=\"yoast-schema-graph\">{\"@context\":\"https:\/\/schema.org\",\"@graph\":[{\"@type\":\"WebPage\",\"@id\":\"https:\/\/fizzi.ee\/toode\/vannipomm-kelmikas-kirss-2\/\",\"url\":\"https:\/\/fizzi.ee\/toode\/vannipomm-kelmikas-kirss\/\",\"name\":\"Vannipomm \\\"Kelmikas Kirss\\\" - Fizzi\",\"isPartOf\":{\"@id\":\"https:\/\/fizzi.ee\/#website\"},\"primaryImageOfPage\":{\"@id\":\"https:\/\/fizzi.ee\/toode\/vannipomm-kelmikas-kirss\/#primaryimage\"},\"image\":{\"@id\":\"https:\/\/fizzi.ee\/toode\/vannipomm-kelmikas-kirss\/#primaryimage\"},\"thumbnailUrl\":\"https:\/\/fizzi.ee\/wp-content\/uploads\/2025\/10\/kirsi-vannipall.webp\",\"datePublished\":\"2025-10-13T15:13:41+00:00\",\"dateModified\":\"2026-02-11T16:46:13+00:00\",\"description\":\"Looduslik vannipall t\u00e4idab vee kihiseva vahuga ja meeli hellitava aroomiga. Looduslikud koostisosad hooldavad nahka ja muudavad vannisk\u00e4igu eriliseks rituaaliks. Sisaldab naturaalset kookos\u00f5li ja magusa mandli \u00f5li.\",\"breadcrumb\":{\"@id\":\"https:\/\/fizzi.ee\/toode\/vannipomm-kelmikas-kirss\/#breadcrumb\"},\"inLanguage\":\"en-US\",\"potentialAction\":[{\"@type\":\"ReadAction\",\"target\":[\"https:\/\/fizzi.ee\/toode\/vannipomm-kelmikas-kirss\/\"]}]},{\"@type\":\"ImageObject\",\"inLanguage\":\"en-US\",\"@id\":\"https:\/\/fizzi.ee\/toode\/vannipomm-kelmikas-kirss\/#primaryimage\",\"url\":\"https:\/\/fizzi.ee\/wp-content\/uploads\/2025\/10\/kirsi-vannipall.webp\",\"contentUrl\":\"https:\/\/fizzi.ee\/wp-content\/uploads\/2025\/10\/kirsi-vannipall.webp\",\"width\":1836,\"height\":2448},{\"@type\":\"BreadcrumbList\",\"@id\":\"https:\/\/fizzi.ee\/toode\/vannipomm-kelmikas-kirss\/#breadcrumb\",\"itemListElement\":[{\"@type\":\"ListItem\",\"position\":1,\"name\":\"Home\",\"item\":\"https:\/\/fizzi.ee\/\"},{\"@type\":\"ListItem\",\"position\":2,\"name\":\"E-pood\",\"item\":\"https:\/\/fizzi.ee\/e-pood\/\"},{\"@type\":\"ListItem\",\"position\":3,\"name\":\"Vannipomm &#8220;Kelmikas Kirss&#8221;\"}]},{\"@type\":\"WebSite\",\"@id\":\"https:\/\/fizzi.ee\/#website\",\"url\":\"https:\/\/fizzi.ee\/\",\"name\":\"Fizzi\",\"description\":\"Surprise your senses\",\"publisher\":{\"@id\":\"https:\/\/fizzi.ee\/#organization\"},\"potentialAction\":[{\"@type\":\"SearchAction\",\"target\":{\"@type\":\"EntryPoint\",\"urlTemplate\":\"https:\/\/fizzi.ee\/?s={search_term_string}\"},\"query-input\":{\"@type\":\"PropertyValueSpecification\",\"valueRequired\":true,\"valueName\":\"search_term_string\"}}],\"inLanguage\":\"en-US\"},{\"@type\":\"Organization\",\"@id\":\"https:\/\/fizzi.ee\/#organization\",\"name\":\"Fizzi\",\"url\":\"https:\/\/fizzi.ee\/\",\"logo\":{\"@type\":\"ImageObject\",\"inLanguage\":\"en-US\",\"@id\":\"https:\/\/fizzi.ee\/#\/schema\/logo\/image\/\",\"url\":\"https:\/\/fizzi.ee\/wp-content\/uploads\/2025\/04\/cropped-Logo-Fizzi-512x512-1.png\",\"contentUrl\":\"https:\/\/fizzi.ee\/wp-content\/uploads\/2025\/04\/cropped-Logo-Fizzi-512x512-1.png\",\"width\":512,\"height\":512,\"caption\":\"Fizzi\"},\"image\":{\"@id\":\"https:\/\/fizzi.ee\/#\/schema\/logo\/image\/\"},\"sameAs\":[\"https:\/\/www.facebook.com\/fizzisenses\"]}]}<\/script>\n<!-- \/ Yoast SEO plugin. -->","yoast_head_json":{"title":"Vannipomm \"Kelmikas Kirss\" - Fizzi","description":"Looduslik vannipall t\u00e4idab vee kihiseva vahuga ja meeli hellitava aroomiga. Looduslikud koostisosad hooldavad nahka ja muudavad vannisk\u00e4igu eriliseks rituaaliks. Sisaldab naturaalset kookos\u00f5li ja magusa mandli \u00f5li.","robots":{"index":"index","follow":"follow","max-snippet":"max-snippet:-1","max-image-preview":"max-image-preview:large","max-video-preview":"max-video-preview:-1"},"canonical":"https:\/\/fizzi.ee\/en\/product\/vannipomm-kelmikas-kirss\/","og_locale":"en_US","og_type":"article","og_title":"Vannipomm \"Kelmikas Kirss\" - Fizzi","og_description":"Looduslik vannipall t\u00e4idab vee kihiseva vahuga ja meeli hellitava aroomiga. Looduslikud koostisosad hooldavad nahka ja muudavad vannisk\u00e4igu eriliseks rituaaliks. Sisaldab naturaalset kookos\u00f5li ja magusa mandli \u00f5li.","og_url":"https:\/\/fizzi.ee\/en\/product\/vannipomm-kelmikas-kirss\/","og_site_name":"Fizzi","article_publisher":"https:\/\/www.facebook.com\/fizzisenses","article_modified_time":"2026-02-11T16:46:13+00:00","og_image":[{"width":1836,"height":2448,"url":"https:\/\/fizzi.ee\/wp-content\/uploads\/2025\/10\/kirsi-vannipall.webp","type":"image\/webp"}],"twitter_card":"summary_large_image","twitter_misc":{"Est. reading time":"2 minutes"},"schema":{"@context":"https:\/\/schema.org","@graph":[{"@type":"WebPage","@id":"https:\/\/fizzi.ee\/toode\/vannipomm-kelmikas-kirss-2\/","url":"https:\/\/fizzi.ee\/toode\/vannipomm-kelmikas-kirss\/","name":"Vannipomm \"Kelmikas Kirss\" - Fizzi","isPartOf":{"@id":"https:\/\/fizzi.ee\/#website"},"primaryImageOfPage":{"@id":"https:\/\/fizzi.ee\/toode\/vannipomm-kelmikas-kirss\/#primaryimage"},"image":{"@id":"https:\/\/fizzi.ee\/toode\/vannipomm-kelmikas-kirss\/#primaryimage"},"thumbnailUrl":"https:\/\/fizzi.ee\/wp-content\/uploads\/2025\/10\/kirsi-vannipall.webp","datePublished":"2025-10-13T15:13:41+00:00","dateModified":"2026-02-11T16:46:13+00:00","description":"Looduslik vannipall t\u00e4idab vee kihiseva vahuga ja meeli hellitava aroomiga. Looduslikud koostisosad hooldavad nahka ja muudavad vannisk\u00e4igu eriliseks rituaaliks. Sisaldab naturaalset kookos\u00f5li ja magusa mandli \u00f5li.","breadcrumb":{"@id":"https:\/\/fizzi.ee\/toode\/vannipomm-kelmikas-kirss\/#breadcrumb"},"inLanguage":"en-US","potentialAction":[{"@type":"ReadAction","target":["https:\/\/fizzi.ee\/toode\/vannipomm-kelmikas-kirss\/"]}]},{"@type":"ImageObject","inLanguage":"en-US","@id":"https:\/\/fizzi.ee\/toode\/vannipomm-kelmikas-kirss\/#primaryimage","url":"https:\/\/fizzi.ee\/wp-content\/uploads\/2025\/10\/kirsi-vannipall.webp","contentUrl":"https:\/\/fizzi.ee\/wp-content\/uploads\/2025\/10\/kirsi-vannipall.webp","width":1836,"height":2448},{"@type":"BreadcrumbList","@id":"https:\/\/fizzi.ee\/toode\/vannipomm-kelmikas-kirss\/#breadcrumb","itemListElement":[{"@type":"ListItem","position":1,"name":"Home","item":"https:\/\/fizzi.ee\/"},{"@type":"ListItem","position":2,"name":"E-pood","item":"https:\/\/fizzi.ee\/e-pood\/"},{"@type":"ListItem","position":3,"name":"Vannipomm &#8220;Kelmikas Kirss&#8221;"}]},{"@type":"WebSite","@id":"https:\/\/fizzi.ee\/#website","url":"https:\/\/fizzi.ee\/","name":"Fizzi","description":"Surprise your senses","publisher":{"@id":"https:\/\/fizzi.ee\/#organization"},"potentialAction":[{"@type":"SearchAction","target":{"@type":"EntryPoint","urlTemplate":"https:\/\/fizzi.ee\/?s={search_term_string}"},"query-input":{"@type":"PropertyValueSpecification","valueRequired":true,"valueName":"search_term_string"}}],"inLanguage":"en-US"},{"@type":"Organization","@id":"https:\/\/fizzi.ee\/#organization","name":"Fizzi","url":"https:\/\/fizzi.ee\/","logo":{"@type":"ImageObject","inLanguage":"en-US","@id":"https:\/\/fizzi.ee\/#\/schema\/logo\/image\/","url":"https:\/\/fizzi.ee\/wp-content\/uploads\/2025\/04\/cropped-Logo-Fizzi-512x512-1.png","contentUrl":"https:\/\/fizzi.ee\/wp-content\/uploads\/2025\/04\/cropped-Logo-Fizzi-512x512-1.png","width":512,"height":512,"caption":"Fizzi"},"image":{"@id":"https:\/\/fizzi.ee\/#\/schema\/logo\/image\/"},"sameAs":["https:\/\/www.facebook.com\/fizzisenses"]}]}},"uagb_featured_image_src":{"full":["https:\/\/fizzi.ee\/wp-content\/uploads\/2025\/10\/kirsi-vannipall.webp",1836,2448,false],"thumbnail":["https:\/\/fizzi.ee\/wp-content\/uploads\/2025\/10\/kirsi-vannipall-150x150.webp",150,150,true],"medium":["https:\/\/fizzi.ee\/wp-content\/uploads\/2025\/10\/kirsi-vannipall-225x300.webp",225,300,true],"medium_large":["https:\/\/fizzi.ee\/wp-content\/uploads\/2025\/10\/kirsi-vannipall-768x1024.webp",768,1024,true],"large":["https:\/\/fizzi.ee\/wp-content\/uploads\/2025\/10\/kirsi-vannipall-768x1024.webp",768,1024,true],"1536x1536":["https:\/\/fizzi.ee\/wp-content\/uploads\/2025\/10\/kirsi-vannipall-1152x1536.webp",1152,1536,true],"2048x2048":["https:\/\/fizzi.ee\/wp-content\/uploads\/2025\/10\/kirsi-vannipall-1536x2048.webp",1536,2048,true],"trp-custom-language-flag":["https:\/\/fizzi.ee\/wp-content\/uploads\/2025\/10\/kirsi-vannipall-9x12.webp",9,12,true],"woocommerce_thumbnail":["https:\/\/fizzi.ee\/wp-content\/uploads\/2025\/10\/kirsi-vannipall-300x300.webp",300,300,true],"woocommerce_single":["https:\/\/fizzi.ee\/wp-content\/uploads\/2025\/10\/kirsi-vannipall-600x800.webp",600,800,true],"woocommerce_gallery_thumbnail":["https:\/\/fizzi.ee\/wp-content\/uploads\/2025\/10\/kirsi-vannipall-100x100.webp",100,100,true]},"uagb_author_info":{"display_name":"Rutha","author_link":"https:\/\/fizzi.ee\/en\/author\/"},"uagb_comment_info":0,"uagb_excerpt":"Avasta kelmika kirsi v\u00f5lu ja muuda oma vannisk\u00e4ik meelierutavaks elamuseks! Sukeldu kirgliku kirsi aroomi. \u00dchtaegu nii soojendavad kui ka v\u00e4rskendavad noodid meenutavad suve\u00f5htuid v\u00f5i elegantseid magustoite. Looduslik vannipomm hellitab nahka s\u00fcgavalt, j\u00e4ttes selle siidpehmeks ja s\u00e4ravaks. Rikkalik vaht lisab vannile luksusliku puudutuse, muutes iga hetke nauditavaks. Soojendav hellitus kehale, ergutav nauding meeltele. Vannipalli netokaal 100&hellip;","jetpack_sharing_enabled":true,"_links":{"self":[{"href":"https:\/\/fizzi.ee\/en\/wp-json\/wp\/v2\/product\/7388","targetHints":{"allow":["GET"]}}],"collection":[{"href":"https:\/\/fizzi.ee\/en\/wp-json\/wp\/v2\/product"}],"about":[{"href":"https:\/\/fizzi.ee\/en\/wp-json\/wp\/v2\/types\/product"}],"replies":[{"embeddable":true,"href":"https:\/\/fizzi.ee\/en\/wp-json\/wp\/v2\/comments?post=7388"}],"version-history":[{"count":1,"href":"https:\/\/fizzi.ee\/en\/wp-json\/wp\/v2\/product\/7388\/revisions"}],"predecessor-version":[{"id":7389,"href":"https:\/\/fizzi.ee\/en\/wp-json\/wp\/v2\/product\/7388\/revisions\/7389"}],"wp:featuredmedia":[{"embeddable":true,"href":"https:\/\/fizzi.ee\/en\/wp-json\/wp\/v2\/media\/7344"}],"wp:attachment":[{"href":"https:\/\/fizzi.ee\/en\/wp-json\/wp\/v2\/media?parent=7388"}],"wp:term":[{"taxonomy":"product_brand","embeddable":true,"href":"https:\/\/fizzi.ee\/en\/wp-json\/wp\/v2\/product_brand?post=7388"},{"taxonomy":"product_cat","embeddable":true,"href":"https:\/\/fizzi.ee\/en\/wp-json\/wp\/v2\/product_cat?post=7388"},{"taxonomy":"product_tag","embeddable":true,"href":"https:\/\/fizzi.ee\/en\/wp-json\/wp\/v2\/product_tag?post=7388"}],"curies":[{"name":"wp","href":"https:\/\/api.w.org\/{rel}","templated":true}]}}