{"id":7397,"date":"2025-10-13T17:35:04","date_gmt":"2025-10-13T15:35:04","guid":{"rendered":"https:\/\/fizzi.ee\/?post_type=product&#038;p=7397"},"modified":"2026-02-08T10:40:57","modified_gmt":"2026-02-08T08:40:57","slug":"naturaalsete-olidega-eriti-suur-vahutav-vannipall-lummav-lavendel","status":"publish","type":"product","link":"https:\/\/fizzi.ee\/en\/product\/naturaalsete-olidega-eriti-suur-vahutav-vannipall-lummav-lavendel\/","title":{"rendered":"Naturaalsete \u00f5lidega eriti suur &#038; vahutav vannipall &#8220;Lummav Lavendel&#8221;"},"content":{"rendered":"<div data-elementor-type=\"wp-post\" data-elementor-id=\"7397\" class=\"elementor elementor-7397\">\n\t\t\t\t<div class=\"elementor-element elementor-element-6afa1668 e-con-full e-flex e-con e-parent\" data-id=\"6afa1668\" data-element_type=\"container\">\n\t\t<div class=\"elementor-element elementor-element-979dcd7 e-con-full e-flex e-con e-child\" data-id=\"979dcd7\" data-element_type=\"container\">\n\t\t\t\t<div class=\"elementor-element elementor-element-914db60 elementor-widget elementor-widget-text-editor\" data-id=\"914db60\" data-element_type=\"widget\" data-widget_type=\"text-editor.default\">\n\t\t\t\t<div class=\"elementor-widget-container\">\n\t\t\t\t\t\t\t\t\t<p>Hoolikalt tasakaalustatud kooslus looduslikest koostisosadest hellitab keha ja meeli:<\/p><ul><li data-start=\"494\" data-end=\"1257\"><strong>Sooda ja sidrunhape\u00a0<\/strong>loovad \u00f5rna kihiseva efekti, mis ergutab vereringet ja annab energiat.<\/li><li data-start=\"494\" data-end=\"1257\"><strong>Kartulit\u00e4rklis<\/strong> muudab vee siidiselt pehmeks ja rahustab nahka.<\/li><li data-start=\"494\" data-end=\"1257\"><strong>Kookos\u00f5li<\/strong> niisutab s\u00fcgavuti, taastades naha elastsuse ja loomuliku s\u00e4ra.<\/li><li data-start=\"494\" data-end=\"1257\"><strong>Epsomi sool<\/strong> aitab l\u00f5dvestada lihaseid ja leevendab v\u00e4simust.<\/li><li data-start=\"494\" data-end=\"1257\"><strong>Looduslik vahuaine\u00a0<\/strong>(SLSA) loob rikkaliku, pehme vahu, mis muudab vannisk\u00e4igu t\u00f5eliseks luksuseks.<\/li><li data-start=\"494\" data-end=\"1257\"><strong>Magusmandli\u00f5li<\/strong> pehmendab ja toidab nahka, j\u00e4ttes selle siidiselt siledaks.<\/li><li data-start=\"494\" data-end=\"1257\"><strong>Lavendli aroom<\/strong>\u00a0rahustab meeli ja loob spaa-sarnase atmosf\u00e4\u00e4ri, aidates sul unustada argip\u00e4eva pingeid.<\/li><\/ul><p data-start=\"1259\" data-end=\"1399\"><strong>Tulemuseks on rahulik meel, pehme nahk ja \u00f5rn lavendliaroom, mis j\u00e4\u00e4b sind saatma ka p\u00e4rast vanni.<\/strong><\/p><p><strong>Kasutamine<\/strong>: Aseta vannipall sooja vannivette ja vaata kuidas pallist v\u00f5luv\u00e4el kohev vaht moodustuma hakkab.\u00a0\u00a0<b>Nipp:<\/b>\u00a0Eriti koheva vahu saavutamiseks s\u00e4ttida vannipall voolava vee alla.<\/p><p>Allergiliste reaktsioonide v\u00e4ltimiseks testige toodet v\u00e4ikses koguses nahal. Toode on m\u00f5eldud vaid v\u00e4lispidiseks kasutamiseks. Mitte kasutada kahjustatud v\u00f5i \u00e4rritunud nahal.\u00a0Hoida lastele k\u00e4ttesaamatus kohas. Ei sobi alla 3-aastastele lastele.<\/p><p><strong>INCI<\/strong>: Sodium Bicarbonate, Citric Acid, Solanum Tuberosum Starch, Cocos Nucifera Oil, Magnesium Sulfate (Epsom), Sodium Lauryl Sulfoacetate, Prunus Amygdalus Dulcis Oil, Fragrance Oil, Mica, CI 77019, CI 77891, CI 77491<\/p><p>Meie toodetes on kasutatud vaid kvaliteetseid aroomi\u00f5lisid, mis omavad IFRA (International Fragrance Association) sertifikaati.<\/p><p><span style=\"background-color: var(--ast-global-color-5); color: var( --e-global-color-text ); font-family: var( --e-global-typography-text-font-family ), Sans-serif; font-style: inherit; font-weight: inherit; text-align: var(--text-align);\"><strong>S\u00e4ilitamine<\/strong>: Hoida kuivas ja jahedas kohas, kaitstuna otsese p\u00e4ikesevalguse eest. Toote s\u00e4ilivusaeg on 6 kuud.<\/span><\/p>\t\t\t\t\t\t\t\t<\/div>\n\t\t\t\t<\/div>\n\t\t\t\t<\/div>\n\t\t\t\t<\/div>\n\t\t\t\t<\/div>","protected":false},"excerpt":{"rendered":"<p>Pane p\u00e4ev pausile ja puhka siidises vahus.<\/p>\n<p>Meie lavendlil\u00f5hnaline vannipomm muudab vanni pehmeks, l\u00f5\u00f5gastavaks pilveks, mis paitab nahka ja rahustab meeli. Naturaalsete \u00f5lidega rikastatud, kihisev, mullitav ja hellitav vannipomm loob vahutava ja meeldiva aroomiga vannivee, mis hooldab nahka ja muudavad vannisk\u00e4igu eriliseks rituaaliks.<\/p>\n<p>Vannipalli netokaal 270 g<\/p>","protected":false},"featured_media":7340,"comment_status":"open","ping_status":"closed","template":"","meta":{"_uag_custom_page_level_css":"","site-sidebar-layout":"default","site-content-layout":"","ast-site-content-layout":"default","site-content-style":"default","site-sidebar-style":"default","ast-global-header-display":"","ast-banner-title-visibility":"","ast-main-header-display":"","ast-hfb-above-header-display":"","ast-hfb-below-header-display":"","ast-hfb-mobile-header-display":"","site-post-title":"","ast-breadcrumbs-content":"","ast-featured-img":"","footer-sml-layout":"","theme-transparent-header-meta":"default","adv-header-id-meta":"","stick-header-meta":"","header-above-stick-meta":"","header-main-stick-meta":"","header-below-stick-meta":"","astra-migrate-meta-layouts":"set","ast-page-background-enabled":"default","ast-page-background-meta":{"desktop":{"background-color":"","background-image":"","background-repeat":"repeat","background-position":"center center","background-size":"auto","background-attachment":"scroll","background-type":"","background-media":"","overlay-type":"","overlay-color":"","overlay-opacity":"","overlay-gradient":""},"tablet":{"background-color":"","background-image":"","background-repeat":"repeat","background-position":"center center","background-size":"auto","background-attachment":"scroll","background-type":"","background-media":"","overlay-type":"","overlay-color":"","overlay-opacity":"","overlay-gradient":""},"mobile":{"background-color":"","background-image":"","background-repeat":"repeat","background-position":"center center","background-size":"auto","background-attachment":"scroll","background-type":"","background-media":"","overlay-type":"","overlay-color":"","overlay-opacity":"","overlay-gradient":""}},"ast-content-background-meta":{"desktop":{"background-color":"var(--ast-global-color-5)","background-image":"","background-repeat":"repeat","background-position":"center center","background-size":"auto","background-attachment":"scroll","background-type":"","background-media":"","overlay-type":"","overlay-color":"","overlay-opacity":"","overlay-gradient":""},"tablet":{"background-color":"var(--ast-global-color-5)","background-image":"","background-repeat":"repeat","background-position":"center center","background-size":"auto","background-attachment":"scroll","background-type":"","background-media":"","overlay-type":"","overlay-color":"","overlay-opacity":"","overlay-gradient":""},"mobile":{"background-color":"var(--ast-global-color-5)","background-image":"","background-repeat":"repeat","background-position":"center center","background-size":"auto","background-attachment":"scroll","background-type":"","background-media":"","overlay-type":"","overlay-color":"","overlay-opacity":"","overlay-gradient":""}}},"product_brand":[],"product_cat":[95,23,58],"product_tag":[],"class_list":{"0":"post-7397","1":"product","2":"type-product","3":"status-publish","4":"has-post-thumbnail","6":"product_cat-kehahooldus","7":"product_cat-tooted","8":"product_cat-vannitooted","9":"desktop-align-left","10":"tablet-align-left","11":"mobile-align-left","13":"first","14":"instock","15":"sale","16":"featured","17":"shipping-taxable","18":"purchasable","19":"product-type-simple"},"yoast_head":"<!-- This site is optimized with the Yoast SEO plugin v27.2 - https:\/\/yoast.com\/product\/yoast-seo-wordpress\/ -->\n<title>Naturaalsete \u00f5lidega eriti suur &amp; vahutav vannipall &quot;Lummav Lavendel&quot; - Fizzi<\/title>\n<meta name=\"description\" content=\"Looduslik, eriti suur vannipall t\u00e4idab vee kihiseva vahuga ja meeli hellitava aroomiga. Looduslikud koostisosad hooldavad nahka ja muudavad vannisk\u00e4igu eriliseks rituaaliks. Sisaldab naturaalset kookos\u00f5li ja magusa mandli \u00f5li.\" \/>\n<meta name=\"robots\" content=\"index, follow, max-snippet:-1, max-image-preview:large, max-video-preview:-1\" \/>\n<link rel=\"canonical\" href=\"https:\/\/fizzi.ee\/en\/product\/naturaalsete-olidega-eriti-suur-vahutav-vannipall-lummav-lavendel\/\" \/>\n<meta property=\"og:locale\" content=\"en_US\" \/>\n<meta property=\"og:type\" content=\"article\" \/>\n<meta property=\"og:title\" content=\"Naturaalsete \u00f5lidega eriti suur &amp; vahutav vannipall &quot;Lummav Lavendel&quot; - Fizzi\" \/>\n<meta property=\"og:description\" content=\"Looduslik, eriti suur vannipall t\u00e4idab vee kihiseva vahuga ja meeli hellitava aroomiga. Looduslikud koostisosad hooldavad nahka ja muudavad vannisk\u00e4igu eriliseks rituaaliks. Sisaldab naturaalset kookos\u00f5li ja magusa mandli \u00f5li.\" \/>\n<meta property=\"og:url\" content=\"https:\/\/fizzi.ee\/en\/product\/naturaalsete-olidega-eriti-suur-vahutav-vannipall-lummav-lavendel\/\" \/>\n<meta property=\"og:site_name\" content=\"Fizzi\" \/>\n<meta property=\"article:publisher\" content=\"https:\/\/www.facebook.com\/fizzisenses\" \/>\n<meta property=\"article:modified_time\" content=\"2026-02-08T08:40:57+00:00\" \/>\n<meta property=\"og:image\" content=\"https:\/\/fizzi.ee\/wp-content\/uploads\/2025\/10\/Lavendli-vannipall.webp\" \/>\n\t<meta property=\"og:image:width\" content=\"1836\" \/>\n\t<meta property=\"og:image:height\" content=\"2448\" \/>\n\t<meta property=\"og:image:type\" content=\"image\/webp\" \/>\n<meta name=\"twitter:card\" content=\"summary_large_image\" \/>\n<meta name=\"twitter:label1\" content=\"Est. reading time\" \/>\n\t<meta name=\"twitter:data1\" content=\"2 minutes\" \/>\n<script type=\"application\/ld+json\" class=\"yoast-schema-graph\">{\"@context\":\"https:\/\/schema.org\",\"@graph\":[{\"@type\":\"WebPage\",\"@id\":\"https:\/\/fizzi.ee\/toode\/naturaalsete-olidega-eriti-suur-vahutav-vannipall-lummav-lavendel\/\",\"url\":\"https:\/\/fizzi.ee\/toode\/naturaalsete-olidega-eriti-suur-vahutav-vannipall-lummav-lavendel\/\",\"name\":\"Naturaalsete \u00f5lidega eriti suur & vahutav vannipall \\\"Lummav Lavendel\\\" - Fizzi\",\"isPartOf\":{\"@id\":\"https:\/\/fizzi.ee\/#website\"},\"primaryImageOfPage\":{\"@id\":\"https:\/\/fizzi.ee\/toode\/naturaalsete-olidega-eriti-suur-vahutav-vannipall-lummav-lavendel\/#primaryimage\"},\"image\":{\"@id\":\"https:\/\/fizzi.ee\/toode\/naturaalsete-olidega-eriti-suur-vahutav-vannipall-lummav-lavendel\/#primaryimage\"},\"thumbnailUrl\":\"https:\/\/fizzi.ee\/wp-content\/uploads\/2025\/10\/Lavendli-vannipall.webp\",\"datePublished\":\"2025-10-13T15:35:04+00:00\",\"dateModified\":\"2026-02-08T08:40:57+00:00\",\"description\":\"Looduslik, eriti suur vannipall t\u00e4idab vee kihiseva vahuga ja meeli hellitava aroomiga. Looduslikud koostisosad hooldavad nahka ja muudavad vannisk\u00e4igu eriliseks rituaaliks. Sisaldab naturaalset kookos\u00f5li ja magusa mandli \u00f5li.\",\"breadcrumb\":{\"@id\":\"https:\/\/fizzi.ee\/toode\/naturaalsete-olidega-eriti-suur-vahutav-vannipall-lummav-lavendel\/#breadcrumb\"},\"inLanguage\":\"en-US\",\"potentialAction\":[{\"@type\":\"ReadAction\",\"target\":[\"https:\/\/fizzi.ee\/toode\/naturaalsete-olidega-eriti-suur-vahutav-vannipall-lummav-lavendel\/\"]}]},{\"@type\":\"ImageObject\",\"inLanguage\":\"en-US\",\"@id\":\"https:\/\/fizzi.ee\/toode\/naturaalsete-olidega-eriti-suur-vahutav-vannipall-lummav-lavendel\/#primaryimage\",\"url\":\"https:\/\/fizzi.ee\/wp-content\/uploads\/2025\/10\/Lavendli-vannipall.webp\",\"contentUrl\":\"https:\/\/fizzi.ee\/wp-content\/uploads\/2025\/10\/Lavendli-vannipall.webp\",\"width\":1836,\"height\":2448},{\"@type\":\"BreadcrumbList\",\"@id\":\"https:\/\/fizzi.ee\/toode\/naturaalsete-olidega-eriti-suur-vahutav-vannipall-lummav-lavendel\/#breadcrumb\",\"itemListElement\":[{\"@type\":\"ListItem\",\"position\":1,\"name\":\"Home\",\"item\":\"https:\/\/fizzi.ee\/\"},{\"@type\":\"ListItem\",\"position\":2,\"name\":\"E-pood\",\"item\":\"https:\/\/fizzi.ee\/e-pood\/\"},{\"@type\":\"ListItem\",\"position\":3,\"name\":\"Naturaalsete \u00f5lidega eriti suur &#038; vahutav vannipall &#8220;Lummav Lavendel&#8221;\"}]},{\"@type\":\"WebSite\",\"@id\":\"https:\/\/fizzi.ee\/#website\",\"url\":\"https:\/\/fizzi.ee\/\",\"name\":\"Fizzi\",\"description\":\"Surprise your senses\",\"publisher\":{\"@id\":\"https:\/\/fizzi.ee\/#organization\"},\"potentialAction\":[{\"@type\":\"SearchAction\",\"target\":{\"@type\":\"EntryPoint\",\"urlTemplate\":\"https:\/\/fizzi.ee\/?s={search_term_string}\"},\"query-input\":{\"@type\":\"PropertyValueSpecification\",\"valueRequired\":true,\"valueName\":\"search_term_string\"}}],\"inLanguage\":\"en-US\"},{\"@type\":\"Organization\",\"@id\":\"https:\/\/fizzi.ee\/#organization\",\"name\":\"Fizzi\",\"url\":\"https:\/\/fizzi.ee\/\",\"logo\":{\"@type\":\"ImageObject\",\"inLanguage\":\"en-US\",\"@id\":\"https:\/\/fizzi.ee\/#\/schema\/logo\/image\/\",\"url\":\"https:\/\/fizzi.ee\/wp-content\/uploads\/2025\/04\/cropped-Logo-Fizzi-512x512-1.png\",\"contentUrl\":\"https:\/\/fizzi.ee\/wp-content\/uploads\/2025\/04\/cropped-Logo-Fizzi-512x512-1.png\",\"width\":512,\"height\":512,\"caption\":\"Fizzi\"},\"image\":{\"@id\":\"https:\/\/fizzi.ee\/#\/schema\/logo\/image\/\"},\"sameAs\":[\"https:\/\/www.facebook.com\/fizzisenses\"]}]}<\/script>\n<!-- \/ Yoast SEO plugin. -->","yoast_head_json":{"title":"Naturaalsete \u00f5lidega eriti suur & vahutav vannipall \"Lummav Lavendel\" - Fizzi","description":"Looduslik, eriti suur vannipall t\u00e4idab vee kihiseva vahuga ja meeli hellitava aroomiga. Looduslikud koostisosad hooldavad nahka ja muudavad vannisk\u00e4igu eriliseks rituaaliks. Sisaldab naturaalset kookos\u00f5li ja magusa mandli \u00f5li.","robots":{"index":"index","follow":"follow","max-snippet":"max-snippet:-1","max-image-preview":"max-image-preview:large","max-video-preview":"max-video-preview:-1"},"canonical":"https:\/\/fizzi.ee\/en\/product\/naturaalsete-olidega-eriti-suur-vahutav-vannipall-lummav-lavendel\/","og_locale":"en_US","og_type":"article","og_title":"Naturaalsete \u00f5lidega eriti suur & vahutav vannipall \"Lummav Lavendel\" - Fizzi","og_description":"Looduslik, eriti suur vannipall t\u00e4idab vee kihiseva vahuga ja meeli hellitava aroomiga. Looduslikud koostisosad hooldavad nahka ja muudavad vannisk\u00e4igu eriliseks rituaaliks. Sisaldab naturaalset kookos\u00f5li ja magusa mandli \u00f5li.","og_url":"https:\/\/fizzi.ee\/en\/product\/naturaalsete-olidega-eriti-suur-vahutav-vannipall-lummav-lavendel\/","og_site_name":"Fizzi","article_publisher":"https:\/\/www.facebook.com\/fizzisenses","article_modified_time":"2026-02-08T08:40:57+00:00","og_image":[{"width":1836,"height":2448,"url":"https:\/\/fizzi.ee\/wp-content\/uploads\/2025\/10\/Lavendli-vannipall.webp","type":"image\/webp"}],"twitter_card":"summary_large_image","twitter_misc":{"Est. reading time":"2 minutes"},"schema":{"@context":"https:\/\/schema.org","@graph":[{"@type":"WebPage","@id":"https:\/\/fizzi.ee\/toode\/naturaalsete-olidega-eriti-suur-vahutav-vannipall-lummav-lavendel\/","url":"https:\/\/fizzi.ee\/toode\/naturaalsete-olidega-eriti-suur-vahutav-vannipall-lummav-lavendel\/","name":"Naturaalsete \u00f5lidega eriti suur & vahutav vannipall \"Lummav Lavendel\" - Fizzi","isPartOf":{"@id":"https:\/\/fizzi.ee\/#website"},"primaryImageOfPage":{"@id":"https:\/\/fizzi.ee\/toode\/naturaalsete-olidega-eriti-suur-vahutav-vannipall-lummav-lavendel\/#primaryimage"},"image":{"@id":"https:\/\/fizzi.ee\/toode\/naturaalsete-olidega-eriti-suur-vahutav-vannipall-lummav-lavendel\/#primaryimage"},"thumbnailUrl":"https:\/\/fizzi.ee\/wp-content\/uploads\/2025\/10\/Lavendli-vannipall.webp","datePublished":"2025-10-13T15:35:04+00:00","dateModified":"2026-02-08T08:40:57+00:00","description":"Looduslik, eriti suur vannipall t\u00e4idab vee kihiseva vahuga ja meeli hellitava aroomiga. Looduslikud koostisosad hooldavad nahka ja muudavad vannisk\u00e4igu eriliseks rituaaliks. Sisaldab naturaalset kookos\u00f5li ja magusa mandli \u00f5li.","breadcrumb":{"@id":"https:\/\/fizzi.ee\/toode\/naturaalsete-olidega-eriti-suur-vahutav-vannipall-lummav-lavendel\/#breadcrumb"},"inLanguage":"en-US","potentialAction":[{"@type":"ReadAction","target":["https:\/\/fizzi.ee\/toode\/naturaalsete-olidega-eriti-suur-vahutav-vannipall-lummav-lavendel\/"]}]},{"@type":"ImageObject","inLanguage":"en-US","@id":"https:\/\/fizzi.ee\/toode\/naturaalsete-olidega-eriti-suur-vahutav-vannipall-lummav-lavendel\/#primaryimage","url":"https:\/\/fizzi.ee\/wp-content\/uploads\/2025\/10\/Lavendli-vannipall.webp","contentUrl":"https:\/\/fizzi.ee\/wp-content\/uploads\/2025\/10\/Lavendli-vannipall.webp","width":1836,"height":2448},{"@type":"BreadcrumbList","@id":"https:\/\/fizzi.ee\/toode\/naturaalsete-olidega-eriti-suur-vahutav-vannipall-lummav-lavendel\/#breadcrumb","itemListElement":[{"@type":"ListItem","position":1,"name":"Home","item":"https:\/\/fizzi.ee\/"},{"@type":"ListItem","position":2,"name":"E-pood","item":"https:\/\/fizzi.ee\/e-pood\/"},{"@type":"ListItem","position":3,"name":"Naturaalsete \u00f5lidega eriti suur &#038; vahutav vannipall &#8220;Lummav Lavendel&#8221;"}]},{"@type":"WebSite","@id":"https:\/\/fizzi.ee\/#website","url":"https:\/\/fizzi.ee\/","name":"Fizzi","description":"Surprise your senses","publisher":{"@id":"https:\/\/fizzi.ee\/#organization"},"potentialAction":[{"@type":"SearchAction","target":{"@type":"EntryPoint","urlTemplate":"https:\/\/fizzi.ee\/?s={search_term_string}"},"query-input":{"@type":"PropertyValueSpecification","valueRequired":true,"valueName":"search_term_string"}}],"inLanguage":"en-US"},{"@type":"Organization","@id":"https:\/\/fizzi.ee\/#organization","name":"Fizzi","url":"https:\/\/fizzi.ee\/","logo":{"@type":"ImageObject","inLanguage":"en-US","@id":"https:\/\/fizzi.ee\/#\/schema\/logo\/image\/","url":"https:\/\/fizzi.ee\/wp-content\/uploads\/2025\/04\/cropped-Logo-Fizzi-512x512-1.png","contentUrl":"https:\/\/fizzi.ee\/wp-content\/uploads\/2025\/04\/cropped-Logo-Fizzi-512x512-1.png","width":512,"height":512,"caption":"Fizzi"},"image":{"@id":"https:\/\/fizzi.ee\/#\/schema\/logo\/image\/"},"sameAs":["https:\/\/www.facebook.com\/fizzisenses"]}]}},"uagb_featured_image_src":{"full":["https:\/\/fizzi.ee\/wp-content\/uploads\/2025\/10\/Lavendli-vannipall.webp",1836,2448,false],"thumbnail":["https:\/\/fizzi.ee\/wp-content\/uploads\/2025\/10\/Lavendli-vannipall-150x150.webp",150,150,true],"medium":["https:\/\/fizzi.ee\/wp-content\/uploads\/2025\/10\/Lavendli-vannipall-225x300.webp",225,300,true],"medium_large":["https:\/\/fizzi.ee\/wp-content\/uploads\/2025\/10\/Lavendli-vannipall-768x1024.webp",768,1024,true],"large":["https:\/\/fizzi.ee\/wp-content\/uploads\/2025\/10\/Lavendli-vannipall-768x1024.webp",768,1024,true],"1536x1536":["https:\/\/fizzi.ee\/wp-content\/uploads\/2025\/10\/Lavendli-vannipall-1152x1536.webp",1152,1536,true],"2048x2048":["https:\/\/fizzi.ee\/wp-content\/uploads\/2025\/10\/Lavendli-vannipall-1536x2048.webp",1536,2048,true],"trp-custom-language-flag":["https:\/\/fizzi.ee\/wp-content\/uploads\/2025\/10\/Lavendli-vannipall-9x12.webp",9,12,true],"woocommerce_thumbnail":["https:\/\/fizzi.ee\/wp-content\/uploads\/2025\/10\/Lavendli-vannipall-300x300.webp",300,300,true],"woocommerce_single":["https:\/\/fizzi.ee\/wp-content\/uploads\/2025\/10\/Lavendli-vannipall-600x800.webp",600,800,true],"woocommerce_gallery_thumbnail":["https:\/\/fizzi.ee\/wp-content\/uploads\/2025\/10\/Lavendli-vannipall-100x100.webp",100,100,true]},"uagb_author_info":{"display_name":"Rutha","author_link":"https:\/\/fizzi.ee\/en\/author\/"},"uagb_comment_info":0,"uagb_excerpt":"Pane p\u00e4ev pausile ja puhka siidises vahus. Meie lavendlil\u00f5hnaline vannipomm muudab vanni pehmeks, l\u00f5\u00f5gastavaks pilveks, mis paitab nahka ja rahustab meeli. Naturaalsete \u00f5lidega rikastatud, kihisev, mullitav ja hellitav vannipomm loob vahutava ja meeldiva aroomiga vannivee, mis hooldab nahka ja muudavad vannisk\u00e4igu eriliseks rituaaliks. Vannipalli netokaal 270 g","jetpack_sharing_enabled":true,"_links":{"self":[{"href":"https:\/\/fizzi.ee\/en\/wp-json\/wp\/v2\/product\/7397","targetHints":{"allow":["GET"]}}],"collection":[{"href":"https:\/\/fizzi.ee\/en\/wp-json\/wp\/v2\/product"}],"about":[{"href":"https:\/\/fizzi.ee\/en\/wp-json\/wp\/v2\/types\/product"}],"replies":[{"embeddable":true,"href":"https:\/\/fizzi.ee\/en\/wp-json\/wp\/v2\/comments?post=7397"}],"version-history":[{"count":4,"href":"https:\/\/fizzi.ee\/en\/wp-json\/wp\/v2\/product\/7397\/revisions"}],"predecessor-version":[{"id":7401,"href":"https:\/\/fizzi.ee\/en\/wp-json\/wp\/v2\/product\/7397\/revisions\/7401"}],"wp:featuredmedia":[{"embeddable":true,"href":"https:\/\/fizzi.ee\/en\/wp-json\/wp\/v2\/media\/7340"}],"wp:attachment":[{"href":"https:\/\/fizzi.ee\/en\/wp-json\/wp\/v2\/media?parent=7397"}],"wp:term":[{"taxonomy":"product_brand","embeddable":true,"href":"https:\/\/fizzi.ee\/en\/wp-json\/wp\/v2\/product_brand?post=7397"},{"taxonomy":"product_cat","embeddable":true,"href":"https:\/\/fizzi.ee\/en\/wp-json\/wp\/v2\/product_cat?post=7397"},{"taxonomy":"product_tag","embeddable":true,"href":"https:\/\/fizzi.ee\/en\/wp-json\/wp\/v2\/product_tag?post=7397"}],"curies":[{"name":"wp","href":"https:\/\/api.w.org\/{rel}","templated":true}]}}